{"id":170,"date":"2024-02-16T05:58:35","date_gmt":"2024-02-16T04:58:35","guid":{"rendered":"http:\/\/avoxano.com\/cmswp\/?page_id=170"},"modified":"2025-09-11T09:53:44","modified_gmt":"2025-09-11T07:53:44","slug":"automatisierung","status":"publish","type":"page","link":"https:\/\/avoxano.com\/cms\/automatisierung\/","title":{"rendered":"Automatisierung"},"content":{"rendered":"\n<div class=\"wp-block-cover alignfull\" style=\"min-height:300px;aspect-ratio:unset;\"><img loading=\"lazy\" decoding=\"async\" width=\"1150\" height=\"735\" class=\"wp-block-cover__image-background wp-image-1643\" alt=\"\" src=\"https:\/\/avoxano.com\/cms\/wp-content\/uploads\/2024\/11\/Themenbild_Automatisierung.png\" style=\"object-position:49% 22%\" data-object-fit=\"cover\" data-object-position=\"49% 22%\" srcset=\"https:\/\/avoxano.com\/cms\/wp-content\/uploads\/2024\/11\/Themenbild_Automatisierung.png 1150w, https:\/\/avoxano.com\/cms\/wp-content\/uploads\/2024\/11\/Themenbild_Automatisierung-300x192.png 300w, https:\/\/avoxano.com\/cms\/wp-content\/uploads\/2024\/11\/Themenbild_Automatisierung-1024x654.png 1024w, https:\/\/avoxano.com\/cms\/wp-content\/uploads\/2024\/11\/Themenbild_Automatisierung-768x491.png 768w\" sizes=\"auto, (max-width: 1150px) 100vw, 1150px\" \/><span aria-hidden=\"true\" class=\"wp-block-cover__background has-background-dim\" style=\"background-color:#526780\"><\/span><div class=\"wp-block-cover__inner-container is-layout-flow wp-block-cover-is-layout-flow\">\n<p class=\"has-text-align-center has-base-2-color has-text-color has-link-color has-xx-large-font-size wp-elements-21d175f2021833d9740cc5c7cba586ec\" style=\"padding-right:0;padding-left:0\"><strong>Automatisierung<\/strong><\/p>\n<\/div><\/div>\n\n\n\n<div class=\"wp-block-group alignfull has-global-padding is-layout-constrained wp-block-group-is-layout-constrained\">\n<div class=\"wp-block-group alignwide is-vertical is-content-justification-center is-layout-flex wp-container-core-group-is-layout-e4cf8e9e wp-block-group-is-layout-flex\" style=\"padding-right:0;padding-left:0\">\n<p class=\"has-medium-font-size\">Unsere <strong>AVOXANO <\/strong>Experten f\u00fcr <strong>Prozess-<\/strong> und <strong>Fabrikautomation <\/strong>bieten Dir ma\u00dfgeschneiderte L\u00f6sungen, um sowohl Deine Prozesse effizienter zu gestalten als auch Deine Produktion durch innovative Technologien auf ein neues Niveau zu heben. Wir sind Dein Partner f\u00fcr die <strong>digitale Transformation<\/strong> und unterst\u00fctzen\u00a0Dich bei zukunftssicheren und produktiveren Arbeitsweisen. Revolutioniere Deine Produktion mit innovativen L\u00f6sungen &#8211; f\u00fcr eine pr\u00e4zisere und schnellere Fertigung mit <strong>k\u00fcnstlicher Intelligenz<\/strong> (z. Bsp. Siemens Industrial Co-Pilot). Erh\u00f6he mit uns Deine Wettbewerbsf\u00e4higkeit durch vollautomatisierte Fabriken. Die Erfolgsstrategie f\u00fcr die <strong>Digitalisierung<\/strong>.<br><br>Unsere Kernkompetenzen umfassen die Planung und Implementierung von <strong>Prozessleitsystemen<\/strong>, <strong>SCADA-Systemen<\/strong> und <strong>speicherprogrammierbaren<\/strong> sowie <strong>sicherheitsgerichteten Steuerungen<\/strong>. Somit decken wir die gesamte Bandbreite der Automatisierung ab.<br><br>Durch unsere <strong>Herstellerunabh\u00e4ngigkeit<\/strong> pflegen wir mit folgenden Herstellern enge <strong>Partnerschaften<\/strong> und verf\u00fcgen \u00fcber fundiertes <strong>Expertenwissen<\/strong> in ihren Systemen.<\/p>\n<\/div>\n<\/div>\n\n\n\n<div style=\"height:20px\" aria-hidden=\"true\" class=\"wp-block-spacer\"><\/div>\n\n\n\n<div class=\"wp-block-group alignfull has-global-padding is-layout-constrained wp-block-group-is-layout-constrained\">\n<div class=\"wp-block-columns alignwide is-layout-flex wp-container-core-columns-is-layout-28f84493 wp-block-columns-is-layout-flex\">\n<div class=\"wp-block-column is-vertically-aligned-top is-layout-flow wp-block-column-is-layout-flow\" style=\"padding-top:var(--wp--preset--spacing--10);padding-right:var(--wp--preset--spacing--10);padding-bottom:var(--wp--preset--spacing--10);padding-left:var(--wp--preset--spacing--10);box-shadow:var(--wp--preset--shadow--natural)\">\n<figure class=\"wp-block-image aligncenter size-large is-resized\"><img loading=\"lazy\" decoding=\"async\" width=\"1024\" height=\"168\" src=\"https:\/\/avoxano.com\/cms\/wp-content\/uploads\/2024\/08\/Logo_Siemens-1024x168.png\" alt=\"\" class=\"wp-image-1512\" style=\"width:230px\" srcset=\"https:\/\/avoxano.com\/cms\/wp-content\/uploads\/2024\/08\/Logo_Siemens-1024x168.png 1024w, https:\/\/avoxano.com\/cms\/wp-content\/uploads\/2024\/08\/Logo_Siemens-300x49.png 300w, https:\/\/avoxano.com\/cms\/wp-content\/uploads\/2024\/08\/Logo_Siemens-768x126.png 768w, https:\/\/avoxano.com\/cms\/wp-content\/uploads\/2024\/08\/Logo_Siemens.png 1200w\" sizes=\"auto, (max-width: 1024px) 100vw, 1024px\" \/><\/figure>\n\n\n\n<p class=\"has-text-align-left\" style=\"padding-top:0;padding-bottom:0\">Wir verf\u00fcgen \u00fcber umfassende Expertise in der Zusammenarbeit mit Siemens. Unser Know-how reicht von der Bugbearbeitung w\u00e4hrend der Entwicklungsphase bis hin zu Systemtests sowohl bestehender Softwareprodukte als auch solcher, die kurz vor dem Markteintritt stehen. Mit unserem <strong>Dom\u00e4nen Wissen<\/strong> decken wir die vielf\u00e4ltige <strong>Hardware \/- Software<\/strong> Landschaft der Automatisierung ab.<\/p>\n\n\n\n<p class=\"has-text-align-center\">SIMATIC PCS 7<br>SIMATIC PCS neo<br><br>STEP 7 Professional <br>(Simatic Manager)<br><br>SIMATIC WinCC<br>SIMATIC WinCC Flexible<br><br>TIA Portal<br> &#8211; Simatic Step7<br> &#8211; Simatic WinCC<br><br>SIMATIC WinCC Unified<\/p>\n<\/div>\n<\/div>\n\n\n\n<div class=\"wp-block-columns alignwide is-layout-flex wp-container-core-columns-is-layout-28f84493 wp-block-columns-is-layout-flex\">\n<div class=\"wp-block-column is-layout-flow wp-block-column-is-layout-flow\" style=\"padding-top:var(--wp--preset--spacing--10);padding-right:var(--wp--preset--spacing--10);padding-bottom:var(--wp--preset--spacing--10);padding-left:var(--wp--preset--spacing--10);box-shadow:var(--wp--preset--shadow--natural)\">\n<figure class=\"wp-block-image aligncenter size-large is-resized\"><img loading=\"lazy\" decoding=\"async\" width=\"1024\" height=\"486\" src=\"https:\/\/avoxano.com\/cms\/wp-content\/uploads\/2024\/08\/Logo_HIMA-1024x486.jpg\" alt=\"\" class=\"wp-image-1511\" style=\"width:150px\" srcset=\"https:\/\/avoxano.com\/cms\/wp-content\/uploads\/2024\/08\/Logo_HIMA-1024x486.jpg 1024w, https:\/\/avoxano.com\/cms\/wp-content\/uploads\/2024\/08\/Logo_HIMA-300x142.jpg 300w, https:\/\/avoxano.com\/cms\/wp-content\/uploads\/2024\/08\/Logo_HIMA-768x364.jpg 768w, https:\/\/avoxano.com\/cms\/wp-content\/uploads\/2024\/08\/Logo_HIMA-1536x729.jpg 1536w, https:\/\/avoxano.com\/cms\/wp-content\/uploads\/2024\/08\/Logo_HIMA-2048x971.jpg 2048w\" sizes=\"auto, (max-width: 1024px) 100vw, 1024px\" \/><\/figure>\n\n\n\n<p class=\"has-text-align-center\">HIMax, <br>HIMatrix<br>HIQuad<br>HIQuad X<br>ELOP I<br>ELOP II<br>SILworkX<\/p>\n<\/div>\n\n\n\n<div class=\"wp-block-column is-layout-flow wp-block-column-is-layout-flow\" style=\"padding-top:var(--wp--preset--spacing--10);padding-right:var(--wp--preset--spacing--10);padding-bottom:var(--wp--preset--spacing--10);padding-left:var(--wp--preset--spacing--10);box-shadow:var(--wp--preset--shadow--natural)\">\n<figure class=\"wp-block-image aligncenter size-large is-resized\"><img loading=\"lazy\" decoding=\"async\" width=\"1024\" height=\"392\" src=\"https:\/\/avoxano.com\/cms\/wp-content\/uploads\/2024\/08\/Logo_ABB-1024x392.png\" alt=\"\" class=\"wp-image-1509\" style=\"width:150px\" srcset=\"https:\/\/avoxano.com\/cms\/wp-content\/uploads\/2024\/08\/Logo_ABB-1024x392.png 1024w, https:\/\/avoxano.com\/cms\/wp-content\/uploads\/2024\/08\/Logo_ABB-300x115.png 300w, https:\/\/avoxano.com\/cms\/wp-content\/uploads\/2024\/08\/Logo_ABB-768x294.png 768w, https:\/\/avoxano.com\/cms\/wp-content\/uploads\/2024\/08\/Logo_ABB-1536x588.png 1536w, https:\/\/avoxano.com\/cms\/wp-content\/uploads\/2024\/08\/Logo_ABB-2048x784.png 2048w\" sizes=\"auto, (max-width: 1024px) 100vw, 1024px\" \/><\/figure>\n\n\n\n<p class=\"has-text-align-center\">Freelance<br>Symphony Melody<br>800xA<\/p>\n<\/div>\n\n\n\n<div class=\"wp-block-column is-layout-flow wp-block-column-is-layout-flow\" style=\"padding-top:var(--wp--preset--spacing--10);padding-right:var(--wp--preset--spacing--10);padding-bottom:var(--wp--preset--spacing--10);padding-left:var(--wp--preset--spacing--10);box-shadow:var(--wp--preset--shadow--natural)\">\n<figure class=\"wp-block-image aligncenter size-full is-resized\"><img loading=\"lazy\" decoding=\"async\" width=\"185\" height=\"185\" src=\"https:\/\/avoxano.com\/cms\/wp-content\/uploads\/2024\/08\/Logo_ACRON.png\" alt=\"\" class=\"wp-image-1510\" style=\"width:100px\" srcset=\"https:\/\/avoxano.com\/cms\/wp-content\/uploads\/2024\/08\/Logo_ACRON.png 185w, https:\/\/avoxano.com\/cms\/wp-content\/uploads\/2024\/08\/Logo_ACRON-150x150.png 150w\" sizes=\"auto, (max-width: 185px) 100vw, 185px\" \/><\/figure>\n\n\n\n<p class=\"has-text-align-center\">ACRON<br>JUNE5<\/p>\n<\/div>\n<\/div>\n\n\n\n<div class=\"wp-block-columns alignwide is-layout-flex wp-container-core-columns-is-layout-28f84493 wp-block-columns-is-layout-flex\">\n<div class=\"wp-block-column is-vertically-aligned-top is-layout-flow wp-block-column-is-layout-flow\" style=\"padding-top:var(--wp--preset--spacing--10);padding-right:var(--wp--preset--spacing--10);padding-bottom:var(--wp--preset--spacing--10);padding-left:var(--wp--preset--spacing--10);box-shadow:var(--wp--preset--shadow--natural)\">\n<p class=\"has-text-align-center has-large-font-size\" style=\"padding-top:0;padding-bottom:0\"><strong>Sonstige Systeme<\/strong><\/p>\n\n\n\n<p class=\"has-text-align-center\"><strong>Schneider Electric<\/strong> &#8211; Triconex Safety Systems<br><strong>Yokogawa <\/strong>&#8211; CENTUM VP<br><strong>B&amp;R<\/strong> &#8211; APROL<\/p>\n<\/div>\n<\/div>\n<\/div>\n\n\n\n<div class=\"wp-block-group alignfull has-global-padding is-layout-constrained wp-block-group-is-layout-constrained\">\n<div class=\"wp-block-group alignwide is-vertical is-content-justification-center is-layout-flex wp-container-core-group-is-layout-e4cf8e9e wp-block-group-is-layout-flex\" style=\"padding-right:0;padding-left:0\">\n<figure class=\"wp-block-image size-full is-resized has-custom-border\"><img loading=\"lazy\" decoding=\"async\" width=\"5000\" height=\"2812\" src=\"https:\/\/avoxano.com\/cms\/wp-content\/uploads\/2024\/10\/Automatisierung_Taetigkeiten.png\" alt=\"\" class=\"wp-image-1609\" style=\"border-radius:10px;box-shadow:var(--wp--preset--shadow--natural);width:1280px\" srcset=\"https:\/\/avoxano.com\/cms\/wp-content\/uploads\/2024\/10\/Automatisierung_Taetigkeiten.png 5000w, https:\/\/avoxano.com\/cms\/wp-content\/uploads\/2024\/10\/Automatisierung_Taetigkeiten-300x169.png 300w, https:\/\/avoxano.com\/cms\/wp-content\/uploads\/2024\/10\/Automatisierung_Taetigkeiten-1024x576.png 1024w, https:\/\/avoxano.com\/cms\/wp-content\/uploads\/2024\/10\/Automatisierung_Taetigkeiten-768x432.png 768w, https:\/\/avoxano.com\/cms\/wp-content\/uploads\/2024\/10\/Automatisierung_Taetigkeiten-1536x864.png 1536w, https:\/\/avoxano.com\/cms\/wp-content\/uploads\/2024\/10\/Automatisierung_Taetigkeiten-2048x1152.png 2048w\" sizes=\"auto, (max-width: 5000px) 100vw, 5000px\" \/><\/figure>\n<\/div>\n<\/div>\n","protected":false},"excerpt":{"rendered":"<p>Unsere AVOXANO Experten f\u00fcr Prozess- und Fabrikautomation bieten Dir ma\u00dfgeschneiderte L\u00f6sungen, um sowohl Deine Prozesse effizienter zu gestalten als auch Deine Produktion durch innovative Technologien auf ein neues Niveau zu heben. Wir sind Dein Partner f\u00fcr die digitale Transformation und unterst\u00fctzen\u00a0Dich bei zukunftssicheren und produktiveren Arbeitsweisen. Revolutioniere Deine Produktion mit innovativen L\u00f6sungen &#8211; f\u00fcr eine [&hellip;]<\/p>\n","protected":false},"author":1,"featured_media":0,"parent":0,"menu_order":0,"comment_status":"closed","ping_status":"closed","template":"page-no-title","meta":{"footnotes":""},"class_list":["post-170","page","type-page","status-publish","hentry"],"_links":{"self":[{"href":"https:\/\/avoxano.com\/cms\/wp-json\/wp\/v2\/pages\/170","targetHints":{"allow":["GET"]}}],"collection":[{"href":"https:\/\/avoxano.com\/cms\/wp-json\/wp\/v2\/pages"}],"about":[{"href":"https:\/\/avoxano.com\/cms\/wp-json\/wp\/v2\/types\/page"}],"author":[{"embeddable":true,"href":"https:\/\/avoxano.com\/cms\/wp-json\/wp\/v2\/users\/1"}],"replies":[{"embeddable":true,"href":"https:\/\/avoxano.com\/cms\/wp-json\/wp\/v2\/comments?post=170"}],"version-history":[{"count":126,"href":"https:\/\/avoxano.com\/cms\/wp-json\/wp\/v2\/pages\/170\/revisions"}],"predecessor-version":[{"id":1896,"href":"https:\/\/avoxano.com\/cms\/wp-json\/wp\/v2\/pages\/170\/revisions\/1896"}],"wp:attachment":[{"href":"https:\/\/avoxano.com\/cms\/wp-json\/wp\/v2\/media?parent=170"}],"curies":[{"name":"wp","href":"https:\/\/api.w.org\/{rel}","templated":true}]}}