{"id":1727,"date":"2025-03-28T23:06:23","date_gmt":"2025-03-28T22:06:23","guid":{"rendered":"https:\/\/avoxano.com\/cms\/?page_id=1727"},"modified":"2025-09-11T09:52:42","modified_gmt":"2025-09-11T07:52:42","slug":"qualitaetspolitik","status":"publish","type":"page","link":"https:\/\/avoxano.com\/cms\/qualitaetspolitik\/","title":{"rendered":"Qualit\u00e4tspolitik"},"content":{"rendered":"\n<div class=\"wp-block-cover alignfull\" style=\"min-height:300px;aspect-ratio:unset;\"><img loading=\"lazy\" decoding=\"async\" width=\"7277\" height=\"1931\" class=\"wp-block-cover__image-background wp-image-1754\" alt=\"\" src=\"https:\/\/avoxano.com\/cms\/wp-content\/uploads\/2025\/03\/Themenbild_Qualitaet.png\" data-object-fit=\"cover\" srcset=\"https:\/\/avoxano.com\/cms\/wp-content\/uploads\/2025\/03\/Themenbild_Qualitaet.png 7277w, https:\/\/avoxano.com\/cms\/wp-content\/uploads\/2025\/03\/Themenbild_Qualitaet-300x80.png 300w, https:\/\/avoxano.com\/cms\/wp-content\/uploads\/2025\/03\/Themenbild_Qualitaet-1024x272.png 1024w, https:\/\/avoxano.com\/cms\/wp-content\/uploads\/2025\/03\/Themenbild_Qualitaet-768x204.png 768w, https:\/\/avoxano.com\/cms\/wp-content\/uploads\/2025\/03\/Themenbild_Qualitaet-1536x408.png 1536w, https:\/\/avoxano.com\/cms\/wp-content\/uploads\/2025\/03\/Themenbild_Qualitaet-2048x543.png 2048w\" sizes=\"auto, (max-width: 7277px) 100vw, 7277px\" \/><span aria-hidden=\"true\" class=\"wp-block-cover__background has-background-dim\" style=\"background-color:#6f8868\"><\/span><div class=\"wp-block-cover__inner-container is-layout-flow wp-block-cover-is-layout-flow\">\n<p class=\"has-text-align-center has-base-2-color has-text-color has-link-color has-xx-large-font-size wp-elements-a8bda37ecf3bab02618254dce3616b12\"><strong>Qualit\u00e4tspolitik<\/strong><\/p>\n<\/div><\/div>\n\n\n\n<div class=\"wp-block-group alignfull has-global-padding is-layout-constrained wp-block-group-is-layout-constrained\">\n<div class=\"wp-block-group alignwide is-vertical is-content-justification-center is-layout-flex wp-container-core-group-is-layout-ce155fab wp-block-group-is-layout-flex\">\n<p class=\"has-medium-font-size\">Die AVOXANO AG ist Dein kompetenter Dienstleister in den Bereichen Automatisierung sowie IT\/OT. Unser Leistungsspektrum reicht von der fundierten Beratung und Konzeptionierung \u00fcber die Umsetzung bis hin zur Schulung Deines Personals. Dar\u00fcber hinaus bieten wir umfassende Betreuung durch Wartung und Rufbereitschaft an. Bei uns steht die Zusammenarbeit auf Augenh\u00f6he im Mittelpunkt \u2013 sei es mit unseren Mitarbeitern, Dir als Kunden oder unseren Lieferanten. Wir glauben fest daran, dass eine offene und respektvolle Kommunikation der Schl\u00fcssel zu erfolgreichen Projekten ist.<br><br>In einer sich st\u00e4ndig weiterentwickelnden technologischen Landschaft, die von neuen Gesetzen, Normen und individuellen W\u00fcnschen gepr\u00e4gt ist, begegnen wir den Herausforderungen mit pers\u00f6nlichem Engagement und enormer Flexibilit\u00e4t. Unser gesamtes Team arbeitet Hand in Hand, um ma\u00dfgeschneiderte L\u00f6sungen zu entwickeln, die Deinen Anforderungen gerecht werden. Unsere Strategie basiert auf Herstellerunabh\u00e4ngigkeit, was uns erm\u00f6glicht, Dir die bestm\u00f6glichen L\u00f6sungen anzubieten. Gleichzeitig legen wir gro\u00dfen Wert auf Partnerschaften mit ausgew\u00e4hlten Lieferanten, um auf fachspezifisches Know-how zur\u00fcckgreifen zu k\u00f6nnen und Deine Bed\u00fcrfnisse optimal zu erf\u00fcllen.<br><br>Ein weiterer zentraler Aspekt unserer Unternehmensphilosophie ist die Ausbildung und Qualifizierung unserer Mitarbeiter. Nur durch kontinuierliche Weiterbildung k\u00f6nnen wir einen hohen Qualit\u00e4tsstandard gew\u00e4hrleisten. Dabei verstehen wir auch die Notwendigkeit, Redundanzen zu bilden, um eine reibungslose Durchf\u00fchrung unserer Dienstleistungen sicherzustellen.<br><br>Vertraue der AVOXANO AG \u2013 gemeinsam gestalten wir Deine Zukunft in der Automatisierung und IT\/OT!<\/p>\n<\/div>\n<\/div>\n","protected":false},"excerpt":{"rendered":"<p>Die AVOXANO AG ist Dein kompetenter Dienstleister in den Bereichen Automatisierung sowie IT\/OT. Unser Leistungsspektrum reicht von der fundierten Beratung und Konzeptionierung \u00fcber die Umsetzung bis hin zur Schulung Deines Personals. Dar\u00fcber hinaus bieten wir umfassende Betreuung durch Wartung und Rufbereitschaft an. Bei uns steht die Zusammenarbeit auf Augenh\u00f6he im Mittelpunkt \u2013 sei es mit [&hellip;]<\/p>\n","protected":false},"author":1,"featured_media":0,"parent":0,"menu_order":0,"comment_status":"closed","ping_status":"closed","template":"page-no-title","meta":{"footnotes":""},"class_list":["post-1727","page","type-page","status-publish","hentry"],"_links":{"self":[{"href":"https:\/\/avoxano.com\/cms\/wp-json\/wp\/v2\/pages\/1727","targetHints":{"allow":["GET"]}}],"collection":[{"href":"https:\/\/avoxano.com\/cms\/wp-json\/wp\/v2\/pages"}],"about":[{"href":"https:\/\/avoxano.com\/cms\/wp-json\/wp\/v2\/types\/page"}],"author":[{"embeddable":true,"href":"https:\/\/avoxano.com\/cms\/wp-json\/wp\/v2\/users\/1"}],"replies":[{"embeddable":true,"href":"https:\/\/avoxano.com\/cms\/wp-json\/wp\/v2\/comments?post=1727"}],"version-history":[{"count":30,"href":"https:\/\/avoxano.com\/cms\/wp-json\/wp\/v2\/pages\/1727\/revisions"}],"predecessor-version":[{"id":1895,"href":"https:\/\/avoxano.com\/cms\/wp-json\/wp\/v2\/pages\/1727\/revisions\/1895"}],"wp:attachment":[{"href":"https:\/\/avoxano.com\/cms\/wp-json\/wp\/v2\/media?parent=1727"}],"curies":[{"name":"wp","href":"https:\/\/api.w.org\/{rel}","templated":true}]}}