{"id":192,"date":"2024-02-16T06:37:39","date_gmt":"2024-02-16T05:37:39","guid":{"rendered":"http:\/\/avoxano.com\/cmswp\/?page_id=192"},"modified":"2025-09-11T08:38:45","modified_gmt":"2025-09-11T06:38:45","slug":"ueber-uns","status":"publish","type":"page","link":"https:\/\/avoxano.com\/cms\/ueber-uns\/","title":{"rendered":"\u00dcber Uns"},"content":{"rendered":"\n<div class=\"wp-block-cover alignfull\" style=\"min-height:300px;aspect-ratio:unset;\"><img loading=\"lazy\" decoding=\"async\" width=\"1042\" height=\"606\" class=\"wp-block-cover__image-background wp-image-1522\" alt=\"\" src=\"https:\/\/avoxano.com\/cms\/wp-content\/uploads\/2024\/08\/Themenbild_Ueber-uns.png\" data-object-fit=\"cover\" srcset=\"https:\/\/avoxano.com\/cms\/wp-content\/uploads\/2024\/08\/Themenbild_Ueber-uns.png 1042w, https:\/\/avoxano.com\/cms\/wp-content\/uploads\/2024\/08\/Themenbild_Ueber-uns-300x174.png 300w, https:\/\/avoxano.com\/cms\/wp-content\/uploads\/2024\/08\/Themenbild_Ueber-uns-1024x596.png 1024w, https:\/\/avoxano.com\/cms\/wp-content\/uploads\/2024\/08\/Themenbild_Ueber-uns-768x447.png 768w\" sizes=\"auto, (max-width: 1042px) 100vw, 1042px\" \/><span aria-hidden=\"true\" class=\"wp-block-cover__background has-background-dim\"><\/span><div class=\"wp-block-cover__inner-container is-layout-flow wp-block-cover-is-layout-flow\">\n<p class=\"has-text-align-center has-base-2-color has-text-color has-link-color has-xx-large-font-size wp-elements-988f017af9702008599503e45fb6a93d\"><strong>\u00dcber uns<\/strong><\/p>\n<\/div><\/div>\n\n\n\n<div class=\"wp-block-group alignfull has-global-padding is-layout-constrained wp-block-group-is-layout-constrained\">\n<div class=\"wp-block-group alignwide is-vertical is-content-justification-left is-layout-flex wp-container-core-group-is-layout-aa7e8af8 wp-block-group-is-layout-flex\" style=\"padding-top:0;padding-right:0;padding-bottom:0;padding-left:0;font-size:clamp(0.901rem, 0.901rem + ((1vw - 0.2rem) * 0.748), 1.35rem);\">\n<p class=\"has-text-align-left has-medium-font-size\">Wir sind ein mutiges, junges Startup, das 2024 mit einer klaren Vision und unb\u00e4ndiger Leidenschaft ins Leben gerufen wurde: Die Welt der Automatisierung und der IT\/OT-Integration zu transformieren. Unser Team vereint mehr als 30 Jahre geballte Expertise und ein unersch\u00fctterliches Feuer f\u00fcr das, was wir tun. Jede Herausforderung, jede neue Idee \u2013 sie treibt uns an, immer weiter zu denken und noch bessere L\u00f6sungen zu schaffen.<br><br>Die Entscheidung, als Aktiengesellschaft zu starten und bekannte, sichere Strukturen hinter uns zu lassen, war ein gewaltiger Schritt \u2013 aber einer, der von einer tiefen \u00dcberzeugung getragen wird. Wir wissen, dass nur wer den Mut hat, alte Pfade zu verlassen, wirklich Gro\u00dfes erreichen kann. Der unaufhaltsame Drang, Neues zu schaffen, unsere Grenzen zu \u00fcberschreiten und an die Zukunft zu glauben, ist der Motor, der uns t\u00e4glich antreibt.<br><br>Wir brennen f\u00fcr das, was vor uns liegt. Unsere Leidenschaft f\u00fcr Automatisierung und die nahtlose Integration von IT und OT geht weit \u00fcber Technik hinaus \u2013 es geht um Visionen, um den festen Glauben, dass wir mit unseren L\u00f6sungen nicht nur Prozesse optimieren, sondern die Art und Weise, wie wir in der Welt arbeiten, nachhaltig ver\u00e4ndern k\u00f6nnen. Wir glauben an die Kraft des Fortschritts und an die transformative Wirkung von Innovation in der Verbindung von IT und OT.<br><br>Unser Ziel ist es, durch innovative Automatisierungsl\u00f6sungen und die intelligente Verzahnung von IT und OT neue Ma\u00dfst\u00e4be zu setzen und unseren Kunden ma\u00dfgeschneiderte, zukunftsf\u00e4hige Technologien zu bieten. Dabei setzen wir nicht nur auf technische Exzellenz, sondern auch auf Teamgeist, Kreativit\u00e4t und ein starkes Engagement f\u00fcr den Erfolg unserer Projekte. Gemeinsam mit unseren Partnern und Kunden wollen wir die Zukunft gestalten und die M\u00f6glichkeiten der Automatisierung und IT\/OT-Integration voll aussch\u00f6pfen. Wir sind bereit, die Herausforderungen von morgen anzugehen \u2013 mit Mut, Leidenschaft und dem klaren Fokus auf nachhaltigen Erfolg.<\/p>\n<\/div>\n\n\n\n<div style=\"height:10px\" aria-hidden=\"true\" class=\"wp-block-spacer\"><\/div>\n\n\n\n<div class=\"wp-block-group alignwide is-vertical is-content-justification-center is-layout-flex wp-container-core-group-is-layout-c2e49038 wp-block-group-is-layout-flex\" style=\"padding-right:var(--wp--preset--spacing--10);padding-left:var(--wp--preset--spacing--10)\">\n<p class=\"has-text-align-center has-large-font-size\"><strong>Was macht uns aus?<\/strong><\/p>\n<\/div>\n\n\n\n<div class=\"wp-block-columns alignwide is-layout-flex wp-container-core-columns-is-layout-cca8eea7 wp-block-columns-is-layout-flex\" style=\"margin-top:var(--wp--preset--spacing--20);margin-bottom:var(--wp--preset--spacing--20);font-size:clamp(0.901rem, 0.901rem + ((1vw - 0.2rem) * 0.748), 1.35rem);\">\n<div class=\"wp-block-column is-vertically-aligned-top has-global-padding is-layout-constrained wp-container-core-column-is-layout-124f757b wp-block-column-is-layout-constrained\" style=\"padding-top:0;padding-right:0;padding-bottom:0;padding-left:0\">\n<h3 class=\"wp-block-heading has-text-align-center is-style-default has-text-color has-link-color has-body-font-family wp-elements-50c494b67fefff645cf7e4bd5c701b5e\" style=\"color:#c30000;padding-top:0;padding-bottom:0;font-size:clamp(1.066rem, 1.066rem + ((1vw - 0.2rem) * 0.973), 1.65rem);font-style:normal;font-weight:700\">Gemeinsame Identit\u00e4t<\/h3>\n\n\n\n<p class=\"has-text-align-center has-medium-font-size\">Die Identifikation des Teams ist die eigene DNA, die uns unverwechselbar macht.<br><\/p>\n<\/div>\n\n\n\n<div class=\"wp-block-column is-vertically-aligned-top has-global-padding is-layout-constrained wp-container-core-column-is-layout-19e250f3 wp-block-column-is-layout-constrained\">\n<h3 class=\"wp-block-heading has-text-align-center is-style-default has-text-color has-link-color has-body-font-family wp-elements-14171b639e88a8f370fcb2096e1c67d9\" style=\"color:#c30000;font-size:clamp(1.066rem, 1.066rem + ((1vw - 0.2rem) * 0.973), 1.65rem);font-style:normal;font-weight:700\">Diversit\u00e4t<\/h3>\n\n\n\n<p class=\"has-text-align-center has-medium-font-size\">Durch unterschiedliche Religionen, Geschlechter und Nationalit\u00e4ten verf\u00fcgt das Team \u00fcber einen weiten Blickwinkel<br><\/p>\n<\/div>\n\n\n\n<div class=\"wp-block-column is-vertically-aligned-top has-global-padding is-layout-constrained wp-container-core-column-is-layout-19e250f3 wp-block-column-is-layout-constrained\">\n<h3 class=\"wp-block-heading has-text-align-center is-style-default has-text-color has-link-color has-body-font-family wp-elements-e98350dd6926c8e3009928df97a410fd\" style=\"color:#c30000;font-size:clamp(1.066rem, 1.066rem + ((1vw - 0.2rem) * 0.973), 1.65rem);font-style:normal;font-weight:700\">Zusammengeh\u00f6rigkeit<\/h3>\n\n\n\n<p class=\"has-text-align-center has-medium-font-size\">Alleine ist man nichts, als Team k\u00f6nnen wir alles bewirken. Wir agieren wie ein eigener hochstabiler Mikroorganismus. <br><\/p>\n<\/div>\n<\/div>\n\n\n\n<div class=\"wp-block-columns alignwide are-vertically-aligned-top is-layout-flex wp-container-core-columns-is-layout-cca8eea7 wp-block-columns-is-layout-flex\" style=\"margin-top:var(--wp--preset--spacing--20);margin-bottom:var(--wp--preset--spacing--20);font-size:clamp(0.901rem, 0.901rem + ((1vw - 0.2rem) * 0.748), 1.35rem);\">\n<div class=\"wp-block-column is-vertically-aligned-top has-global-padding is-layout-constrained wp-container-core-column-is-layout-19e250f3 wp-block-column-is-layout-constrained\" style=\"line-height:1.5\">\n<h3 class=\"wp-block-heading has-text-align-center is-style-default has-text-color has-link-color has-body-font-family wp-elements-2333bbc27407fa8a53a35f274a65467f\" style=\"color:#c30000;font-size:clamp(1.066rem, 1.066rem + ((1vw - 0.2rem) * 0.973), 1.65rem);font-style:normal;font-weight:700\">Dynamik<\/h3>\n\n\n\n<p class=\"has-text-align-center has-medium-font-size\">Innerhalb des Teams herrscht eine au\u00dferordentliche Eigendynamik, die dazu bef\u00e4higt, schnelle, eigenverantworliche und entschlossene Entscheidungen zu treffen.<br><\/p>\n<\/div>\n\n\n\n<div class=\"wp-block-column is-vertically-aligned-top has-global-padding is-layout-constrained wp-container-core-column-is-layout-19e250f3 wp-block-column-is-layout-constrained\">\n<h3 class=\"wp-block-heading has-text-align-center is-style-default has-text-color has-link-color has-body-font-family wp-elements-971edf2b55e842c8c3b28f67d7aa1993\" style=\"color:#c30000;font-size:clamp(1.066rem, 1.066rem + ((1vw - 0.2rem) * 0.973), 1.65rem);font-style:normal;font-weight:700\">Innovation<\/h3>\n\n\n\n<p class=\"has-text-align-center has-medium-font-size\">Durch den unstillbaren Ehrgeiz und den Einsatz neuster Technologien, arbeitet unser Team kontinuierlich an Verbesserungen und den allerneusten Ideen.<br><\/p>\n<\/div>\n\n\n\n<div class=\"wp-block-column is-vertically-aligned-top has-global-padding is-layout-constrained wp-container-core-column-is-layout-19e250f3 wp-block-column-is-layout-constrained\">\n<h3 class=\"wp-block-heading has-text-align-center is-style-default has-text-color has-link-color has-body-font-family wp-elements-7b6107a42c910ab50caf250df9dc7c1e\" style=\"color:#c30000;font-size:clamp(1.066rem, 1.066rem + ((1vw - 0.2rem) * 0.973), 1.65rem);font-style:normal;font-weight:700\">Qualit\u00e4t<\/h3>\n\n\n\n<p class=\"has-text-align-center has-medium-font-size\">Weil es keine Kompromisse gibt, mit au\u00dferordentlichem Einsatz gearbeitet wird und das Team alle genannten Eigenschaften lebt, entsteht Qualit\u00e4t.<br><\/p>\n<\/div>\n<\/div>\n\n\n\n<p class=\"has-text-align-center has-contrast-color has-text-color has-link-color has-large-font-size wp-elements-3e3d8532220e62471529de11bf495f0f\"><strong>Ein Team, ein Ziel, ein Erfolg!<\/strong><\/p>\n\n\n\n<div style=\"height:22px\" aria-hidden=\"true\" class=\"wp-block-spacer\"><\/div>\n\n\n\n<div class=\"wp-block-group alignwide is-vertical is-content-justification-left is-layout-flex wp-container-core-group-is-layout-aa7e8af8 wp-block-group-is-layout-flex\" style=\"padding-top:0;padding-right:0;padding-bottom:0;padding-left:0;font-size:clamp(0.901rem, 0.901rem + ((1vw - 0.2rem) * 0.748), 1.35rem);\">\n<p class=\"has-text-align-center has-contrast-color has-text-color has-link-color has-large-font-size wp-elements-d803f1bf8fc001321f577890bd77fd5f\"><strong>Unsere Mission: Schnelligkeit, Pr\u00e4zision, Erfolg \u2013 Dein Partner f\u00fcr ma\u00dfgeschneiderte L\u00f6sungen<\/strong><\/p>\n\n\n\n<p class=\"has-text-align-left has-medium-font-size\">Bei <strong>AVOXANO <\/strong>verstehen wir uns nicht nur als Dienstleister, sondern als eine spezialisierte Taskforce, die sich schnell und pr\u00e4zise auf Deine individuellen Herausforderungen einstellt. Mit einem hochmotivierten Team von Experten aus verschiedenen Disziplinen bieten wir ma\u00dfgeschneiderte L\u00f6sungen, die genau Deinen Anforderungen entsprechen.<br><br>Unsere Arbeitsweise ist die einer Taskforce: Wir b\u00fcndeln unsere Kr\u00e4fte, um Dein Projekt mit maximaler Effizienz und Zielgerichtetheit umzusetzen. Dabei setzen wir auf schnelle, fundierte Entscheidungen und enge Zusammenarbeit, um in jedem Schritt des Prozesses flexibel und l\u00f6sungsorientiert zu agieren.<br><br>Egal, ob es um komplexe Unternehmensstrategien, ma\u00dfgeschneiderte IT-L\u00f6sungen oder schnelle Krisenbew\u00e4ltigung geht \u2013 AVOXANO steht Dir als langfristiger Partner zur Seite. Wir begleiten Dich in jeder Phase und garantieren nicht nur kurzfristigen Erfolg, sondern auch eine nachhaltige Umsetzung Deiner Ziele.<\/p>\n<\/div>\n\n\n\n<div class=\"wp-block-columns alignwide is-layout-flex wp-container-core-columns-is-layout-cca8eea7 wp-block-columns-is-layout-flex\" style=\"margin-top:var(--wp--preset--spacing--20);margin-bottom:var(--wp--preset--spacing--20);font-size:clamp(0.901rem, 0.901rem + ((1vw - 0.2rem) * 0.748), 1.35rem);\">\n<div class=\"wp-block-column is-vertically-aligned-top has-global-padding is-layout-constrained wp-container-core-column-is-layout-124f757b wp-block-column-is-layout-constrained\" style=\"padding-top:0;padding-right:0;padding-bottom:0;padding-left:0\">\n<h3 class=\"wp-block-heading has-text-align-center is-style-default has-text-color has-link-color has-body-font-family wp-elements-cb8ffdb589e537ae8d67d4c67eac1850\" style=\"color:#c30000;padding-top:0;padding-bottom:0;font-size:clamp(1.066rem, 1.066rem + ((1vw - 0.2rem) * 0.973), 1.65rem);font-style:normal;font-weight:700\">Interdisziplin\u00e4re Expertise<\/h3>\n\n\n\n<p class=\"has-text-align-center has-medium-font-size\">Fachkr\u00e4fte aus unterschiedlichen Bereichen arbeiten zusammen, um ganzheitliche L\u00f6sungen zu entwickeln.<br><\/p>\n<\/div>\n\n\n\n<div class=\"wp-block-column is-vertically-aligned-top has-global-padding is-layout-constrained wp-container-core-column-is-layout-19e250f3 wp-block-column-is-layout-constrained\">\n<h3 class=\"wp-block-heading has-text-align-center is-style-default has-text-color has-link-color has-body-font-family wp-elements-2593cbe74cd12401512e62e37076ce55\" style=\"color:#c30000;font-size:clamp(1.066rem, 1.066rem + ((1vw - 0.2rem) * 0.973), 1.65rem);font-style:normal;font-weight:700\">Agilit\u00e4t und Flexibilit\u00e4t<\/h3>\n\n\n\n<p class=\"has-text-align-center has-medium-font-size\">Wir passen uns schnell an Deine Bed\u00fcrfnisse und sich ver\u00e4ndernde Rahmenbedingungen an.<br><\/p>\n<\/div>\n\n\n\n<div class=\"wp-block-column is-vertically-aligned-top has-global-padding is-layout-constrained wp-container-core-column-is-layout-19e250f3 wp-block-column-is-layout-constrained\">\n<h3 class=\"wp-block-heading has-text-align-center is-style-default has-text-color has-link-color has-body-font-family wp-elements-9acfaf1a6b0429267b3b50a74b975278\" style=\"color:#c30000;font-size:clamp(1.066rem, 1.066rem + ((1vw - 0.2rem) * 0.973), 1.65rem);font-style:normal;font-weight:700\">Zielorientierung<\/h3>\n\n\n\n<p class=\"has-text-align-center has-medium-font-size\">Unser Fokus liegt auf der effizienten L\u00f6sung Deiner Herausforderungen, immer mit klaren Zielen vor Augen.<br><\/p>\n<\/div>\n\n\n\n<div class=\"wp-block-column is-vertically-aligned-top has-global-padding is-layout-constrained wp-container-core-column-is-layout-19e250f3 wp-block-column-is-layout-constrained\">\n<h3 class=\"wp-block-heading has-text-align-center is-style-default has-text-color has-link-color has-body-font-family wp-elements-9b59ad838caa8474a31318d8cbd601ef\" style=\"color:#c30000;font-size:clamp(1.066rem, 1.066rem + ((1vw - 0.2rem) * 0.973), 1.65rem);font-style:normal;font-weight:700\">Langfristige Partnerschaft<\/h3>\n\n\n\n<p class=\"has-text-align-center has-medium-font-size\">Wir sind nicht nur f\u00fcr die Dauer eines Projekts an Deiner Seite \u2013 wir engagieren uns langfristig f\u00fcr Deinen Erfolg.<br><\/p>\n<\/div>\n<\/div>\n\n\n\n<div class=\"wp-block-group alignwide is-vertical is-content-justification-left is-layout-flex wp-container-core-group-is-layout-aa7e8af8 wp-block-group-is-layout-flex\" style=\"padding-top:0;padding-right:0;padding-bottom:0;padding-left:0;font-size:clamp(0.901rem, 0.901rem + ((1vw - 0.2rem) * 0.748), 1.35rem);\">\n<p class=\"has-text-align-center has-contrast-color has-text-color has-link-color has-large-font-size wp-elements-34dd8cc814b5b23442663abc85bde1a0\"><strong>Entscheide Dich f\u00fcr AVOXANO und erlebe, wie wir Deine Visionen mit unserer Taskforce in die Realit\u00e4t umsetzen.<\/strong><\/p>\n<\/div>\n<\/div>\n","protected":false},"excerpt":{"rendered":"<p>Wir sind ein mutiges, junges Startup, das 2024 mit einer klaren Vision und unb\u00e4ndiger Leidenschaft ins Leben gerufen wurde: Die Welt der Automatisierung und der IT\/OT-Integration zu transformieren. Unser Team vereint mehr als 30 Jahre geballte Expertise und ein unersch\u00fctterliches Feuer f\u00fcr das, was wir tun. Jede Herausforderung, jede neue Idee \u2013 sie treibt uns [&hellip;]<\/p>\n","protected":false},"author":1,"featured_media":0,"parent":0,"menu_order":0,"comment_status":"closed","ping_status":"closed","template":"page-no-title","meta":{"footnotes":""},"class_list":["post-192","page","type-page","status-publish","hentry"],"_links":{"self":[{"href":"https:\/\/avoxano.com\/cms\/wp-json\/wp\/v2\/pages\/192","targetHints":{"allow":["GET"]}}],"collection":[{"href":"https:\/\/avoxano.com\/cms\/wp-json\/wp\/v2\/pages"}],"about":[{"href":"https:\/\/avoxano.com\/cms\/wp-json\/wp\/v2\/types\/page"}],"author":[{"embeddable":true,"href":"https:\/\/avoxano.com\/cms\/wp-json\/wp\/v2\/users\/1"}],"replies":[{"embeddable":true,"href":"https:\/\/avoxano.com\/cms\/wp-json\/wp\/v2\/comments?post=192"}],"version-history":[{"count":122,"href":"https:\/\/avoxano.com\/cms\/wp-json\/wp\/v2\/pages\/192\/revisions"}],"predecessor-version":[{"id":1887,"href":"https:\/\/avoxano.com\/cms\/wp-json\/wp\/v2\/pages\/192\/revisions\/1887"}],"wp:attachment":[{"href":"https:\/\/avoxano.com\/cms\/wp-json\/wp\/v2\/media?parent=192"}],"curies":[{"name":"wp","href":"https:\/\/api.w.org\/{rel}","templated":true}]}}