{"id":329,"date":"2024-02-18T20:35:01","date_gmt":"2024-02-18T19:35:01","guid":{"rendered":"http:\/\/avoxano.com\/cmswp\/?page_id=329"},"modified":"2025-09-11T18:30:10","modified_gmt":"2025-09-11T16:30:10","slug":"startseite","status":"publish","type":"page","link":"https:\/\/avoxano.com\/cms\/","title":{"rendered":"Startseite"},"content":{"rendered":"\n<div class=\"wp-block-group alignfull has-global-padding is-layout-constrained wp-block-group-is-layout-constrained\">\n<div style=\"height:10px\" aria-hidden=\"true\" class=\"wp-block-spacer\"><\/div>\n\n\n\n<div class=\"wp-block-group alignwide is-vertical is-content-justification-center is-layout-flex wp-container-core-group-is-layout-ce155fab wp-block-group-is-layout-flex\">\n<p class=\"has-text-align-center has-large-font-size\">Entdecke die Zukunft mit <strong>AVOXANO<\/strong><br>Deinem Experten f\u00fcr technologische <strong>Exzellenz<\/strong><\/p>\n\n\n\n<figure class=\"wp-block-video alignwide\"><video autoplay controls preload=\"auto\" src=\"https:\/\/avoxano.com\/cms\/wp-content\/uploads\/2025\/09\/Startseite_Video_HD720.mp4\" playsinline><\/video><figcaption class=\"wp-element-caption\"><strong>Nicht vergessen, Ton Einschalten<\/strong><\/figcaption><\/figure>\n<\/div>\n<\/div>\n\n\n\n<div class=\"wp-block-group alignfull has-global-padding is-layout-constrained wp-block-group-is-layout-constrained\">\n<div class=\"wp-block-group alignwide is-vertical is-layout-flex wp-container-core-group-is-layout-fe9cc265 wp-block-group-is-layout-flex\">\n<p>Die digitale Transformation ver\u00e4ndert die Industrie in rasantem Tempo. <strong>Automatisierung <\/strong>und die Integration von <strong>IT &amp; OT <\/strong>sind dabei entscheidende Treiber f\u00fcr mehr Effizienz, Flexibilit\u00e4t und Innovation in der Produktion. Doch mit der zunehmenden Vernetzung und der immer engeren Verzahnung von Operational Technology (OT), die f\u00fcr die Steuerung physischer Produktionsprozesse zust\u00e4ndig ist, und Information Technology (IT), die die Verwaltung und Analyse von Daten \u00fcbernimmt, steigen auch die Anforderungen an die <strong>Cybersicherheit<\/strong>.<br><br>In einer zunehmend digitalisierten und vernetzten Welt sind Produktionsanlagen und kritische Infrastrukturen mehr denn je gef\u00e4hrdet, Ziel von Cyberangriffen zu werden. Umso wichtiger ist es, Sicherheitsma\u00dfnahmen von Anfang an in die Automatisierungsprozesse zu integrieren. Cybersecurity wird daher zu einem unverzichtbaren Bestandteil jeder IT\/OT-Strategie, um nicht nur die Datenintegrit\u00e4t und den Schutz vor externen Bedrohungen zu gew\u00e4hrleisten, sondern auch die Kontinuit\u00e4t der Produktion sicherzustellen.<br><br>Automatisierung, IT\/OT-Integration und Cybersecurity k\u00f6nnen Hand in Hand gehen, um Deine Produktionsprozesse nicht nur zu optimieren, sondern auch gegen die wachsenden Bedrohungen aus dem Cyberraum abzusichern. Du kannst Deine Systeme sicher vernetzen, Risiken minimieren und gleichzeitig die Potenziale der digitalen Zukunft voll aussch\u00f6pfen.<\/p>\n<\/div>\n\n\n\n<div class=\"wp-block-columns alignwide is-layout-flex wp-container-core-columns-is-layout-28f84493 wp-block-columns-is-layout-flex\">\n<div class=\"wp-block-column has-background is-layout-flow wp-container-core-column-is-layout-47e5a185 wp-block-column-is-layout-flow\" style=\"background-color:#7db3e3;box-shadow:var(--wp--preset--shadow--natural)\">\n<figure class=\"wp-block-image size-large has-custom-border\"><a href=\"https:\/\/avoxano.com\/cms\/automatisierung\/\"><img loading=\"lazy\" decoding=\"async\" width=\"1024\" height=\"654\" src=\"https:\/\/avoxano.com\/cms\/wp-content\/uploads\/2024\/11\/Themenbild_Automatisierung-1024x654.png\" alt=\"\" class=\"wp-image-1643\" style=\"border-radius:10px;object-fit:cover\" srcset=\"https:\/\/avoxano.com\/cms\/wp-content\/uploads\/2024\/11\/Themenbild_Automatisierung-1024x654.png 1024w, https:\/\/avoxano.com\/cms\/wp-content\/uploads\/2024\/11\/Themenbild_Automatisierung-300x192.png 300w, https:\/\/avoxano.com\/cms\/wp-content\/uploads\/2024\/11\/Themenbild_Automatisierung-768x491.png 768w, https:\/\/avoxano.com\/cms\/wp-content\/uploads\/2024\/11\/Themenbild_Automatisierung.png 1150w\" sizes=\"auto, (max-width: 1024px) 100vw, 1024px\" \/><\/a><\/figure>\n\n\n\n<p class=\"has-text-align-center has-medium-font-size\" style=\"padding-top:20px;padding-bottom:20px\"><strong>Automatisierung<\/strong><br>in der <strong>Prozess-<\/strong> <br>und <strong>Fabrikautomation<\/strong><\/p>\n<\/div>\n\n\n\n<div class=\"wp-block-column has-background is-layout-flow wp-container-core-column-is-layout-47e5a185 wp-block-column-is-layout-flow\" style=\"background-color:#e96969;box-shadow:var(--wp--preset--shadow--natural)\">\n<figure class=\"wp-block-image size-large has-custom-border\"><a href=\"https:\/\/avoxano.com\/cms\/it-ot\/\"><img loading=\"lazy\" decoding=\"async\" width=\"1024\" height=\"654\" src=\"https:\/\/avoxano.com\/cms\/wp-content\/uploads\/2024\/11\/Themenbild_ITOT-1024x654.png\" alt=\"\" class=\"wp-image-1644\" style=\"border-radius:10px\" srcset=\"https:\/\/avoxano.com\/cms\/wp-content\/uploads\/2024\/11\/Themenbild_ITOT-1024x654.png 1024w, https:\/\/avoxano.com\/cms\/wp-content\/uploads\/2024\/11\/Themenbild_ITOT-300x192.png 300w, https:\/\/avoxano.com\/cms\/wp-content\/uploads\/2024\/11\/Themenbild_ITOT-768x491.png 768w, https:\/\/avoxano.com\/cms\/wp-content\/uploads\/2024\/11\/Themenbild_ITOT.png 1150w\" sizes=\"auto, (max-width: 1024px) 100vw, 1024px\" \/><\/a><\/figure>\n\n\n\n<p class=\"has-text-align-center has-medium-font-size\" style=\"margin-top:20px;margin-bottom:20px\"><strong>IT \/ OT<\/strong> <br>f\u00fcr alle <strong>Bereiche<\/strong><\/p>\n<\/div>\n\n\n\n<div class=\"wp-block-column has-background is-layout-flow wp-container-core-column-is-layout-47e5a185 wp-block-column-is-layout-flow\" style=\"background-color:#f1df16;box-shadow:var(--wp--preset--shadow--natural)\">\n<figure class=\"wp-block-image size-large has-custom-border is-style-default\"><a href=\"https:\/\/avoxano.com\/cms\/elektrotechnik\/\"><img loading=\"lazy\" decoding=\"async\" width=\"1024\" height=\"622\" src=\"https:\/\/avoxano.com\/cms\/wp-content\/uploads\/2024\/08\/Themenbild_Elektrotechnik-1024x622.jpg\" alt=\"\" class=\"wp-image-1516\" style=\"border-radius:10px\" srcset=\"https:\/\/avoxano.com\/cms\/wp-content\/uploads\/2024\/08\/Themenbild_Elektrotechnik-1024x622.jpg 1024w, https:\/\/avoxano.com\/cms\/wp-content\/uploads\/2024\/08\/Themenbild_Elektrotechnik-300x182.jpg 300w, https:\/\/avoxano.com\/cms\/wp-content\/uploads\/2024\/08\/Themenbild_Elektrotechnik-768x467.jpg 768w, https:\/\/avoxano.com\/cms\/wp-content\/uploads\/2024\/08\/Themenbild_Elektrotechnik.jpg 1272w\" sizes=\"auto, (max-width: 1024px) 100vw, 1024px\" \/><\/a><\/figure>\n\n\n\n<p class=\"has-text-align-center has-medium-font-size\" style=\"margin-top:20px;margin-bottom:20px\"><strong>Elektrotechnik<\/strong> <br>f\u00fcr <strong>Industrie <\/strong>und <strong>Handwerk<\/strong><\/p>\n<\/div>\n<\/div>\n\n\n\n<div style=\"height:20px;width:0px\" aria-hidden=\"true\" class=\"wp-block-spacer\"><\/div>\n\n\n\n<div class=\"wp-block-group alignwide is-vertical is-content-justification-center is-layout-flex wp-container-core-group-is-layout-b6c1f246 wp-block-group-is-layout-flex\">\n<figure class=\"wp-block-image size-full is-resized has-custom-border\"><img loading=\"lazy\" decoding=\"async\" width=\"2560\" height=\"1440\" src=\"https:\/\/avoxano.com\/cms\/wp-content\/uploads\/2025\/09\/Startseite_Taetigkeiten-scaled.jpg\" alt=\"\" class=\"wp-image-1898\" style=\"border-radius:10px;box-shadow:var(--wp--preset--shadow--natural);width:720px\" srcset=\"https:\/\/avoxano.com\/cms\/wp-content\/uploads\/2025\/09\/Startseite_Taetigkeiten-scaled.jpg 2560w, https:\/\/avoxano.com\/cms\/wp-content\/uploads\/2025\/09\/Startseite_Taetigkeiten-300x169.jpg 300w, https:\/\/avoxano.com\/cms\/wp-content\/uploads\/2025\/09\/Startseite_Taetigkeiten-1024x576.jpg 1024w, https:\/\/avoxano.com\/cms\/wp-content\/uploads\/2025\/09\/Startseite_Taetigkeiten-768x432.jpg 768w, https:\/\/avoxano.com\/cms\/wp-content\/uploads\/2025\/09\/Startseite_Taetigkeiten-1536x864.jpg 1536w, https:\/\/avoxano.com\/cms\/wp-content\/uploads\/2025\/09\/Startseite_Taetigkeiten-2048x1152.jpg 2048w\" sizes=\"auto, (max-width: 2560px) 100vw, 2560px\" \/><\/figure>\n<\/div>\n<\/div>\n\n\n\n<div style=\"height:20px;width:0px\" aria-hidden=\"true\" class=\"wp-block-spacer\"><\/div>\n\n\n\n<div class=\"wp-block-group alignfull has-global-padding is-layout-constrained wp-block-group-is-layout-constrained\">\n<div class=\"wp-block-group alignwide is-vertical is-layout-flex wp-container-core-group-is-layout-fe9cc265 wp-block-group-is-layout-flex\">\n<p><strong>Hier sind wir unterwegs<\/strong><\/p>\n<\/div>\n\n\n\n<div class=\"wp-block-columns alignwide are-vertically-aligned-center is-layout-flex wp-container-core-columns-is-layout-28f84493 wp-block-columns-is-layout-flex\">\n<div class=\"wp-block-column is-vertically-aligned-center has-global-padding is-layout-constrained wp-block-column-is-layout-constrained\" style=\"box-shadow:none\">\n<figure class=\"wp-block-image aligncenter size-full is-resized is-style-default\"><img loading=\"lazy\" decoding=\"async\" width=\"613\" height=\"613\" src=\"https:\/\/avoxano.com\/cms\/wp-content\/uploads\/2025\/01\/Grafik-Energie.png\" alt=\"\" class=\"wp-image-1678\" style=\"object-fit:cover;width:150px;height:150px\" srcset=\"https:\/\/avoxano.com\/cms\/wp-content\/uploads\/2025\/01\/Grafik-Energie.png 613w, https:\/\/avoxano.com\/cms\/wp-content\/uploads\/2025\/01\/Grafik-Energie-300x300.png 300w, https:\/\/avoxano.com\/cms\/wp-content\/uploads\/2025\/01\/Grafik-Energie-150x150.png 150w\" sizes=\"auto, (max-width: 613px) 100vw, 613px\" \/><\/figure>\n\n\n\n<p class=\"has-text-align-center\" style=\"padding-top:0px;padding-bottom:0px\">Energie<\/p>\n<\/div>\n\n\n\n<div class=\"wp-block-column is-vertically-aligned-center has-global-padding is-layout-constrained wp-block-column-is-layout-constrained\" style=\"box-shadow:none\">\n<figure class=\"wp-block-image aligncenter size-full is-resized is-style-rounded is-style-rounded--1\"><img loading=\"lazy\" decoding=\"async\" width=\"613\" height=\"613\" src=\"https:\/\/avoxano.com\/cms\/wp-content\/uploads\/2025\/01\/Grafik-Chemie.png\" alt=\"\" class=\"wp-image-1677\" style=\"object-fit:cover;width:150px;height:150px\" srcset=\"https:\/\/avoxano.com\/cms\/wp-content\/uploads\/2025\/01\/Grafik-Chemie.png 613w, https:\/\/avoxano.com\/cms\/wp-content\/uploads\/2025\/01\/Grafik-Chemie-300x300.png 300w, https:\/\/avoxano.com\/cms\/wp-content\/uploads\/2025\/01\/Grafik-Chemie-150x150.png 150w\" sizes=\"auto, (max-width: 613px) 100vw, 613px\" \/><\/figure>\n\n\n\n<p class=\"has-text-align-center\" style=\"padding-top:0px;padding-bottom:0px\">Chemie<\/p>\n<\/div>\n\n\n\n<div class=\"wp-block-column is-vertically-aligned-center has-global-padding is-layout-constrained wp-block-column-is-layout-constrained\" style=\"box-shadow:none\">\n<figure class=\"wp-block-image aligncenter size-full is-resized\"><img loading=\"lazy\" decoding=\"async\" width=\"613\" height=\"613\" src=\"https:\/\/avoxano.com\/cms\/wp-content\/uploads\/2025\/01\/Grafik-Pharma.png\" alt=\"\" class=\"wp-image-1681\" style=\"object-fit:cover;width:150px;height:150px\" srcset=\"https:\/\/avoxano.com\/cms\/wp-content\/uploads\/2025\/01\/Grafik-Pharma.png 613w, https:\/\/avoxano.com\/cms\/wp-content\/uploads\/2025\/01\/Grafik-Pharma-300x300.png 300w, https:\/\/avoxano.com\/cms\/wp-content\/uploads\/2025\/01\/Grafik-Pharma-150x150.png 150w\" sizes=\"auto, (max-width: 613px) 100vw, 613px\" \/><\/figure>\n\n\n\n<p class=\"has-text-align-center\" style=\"padding-top:0px;padding-bottom:0px\">Pharma<\/p>\n<\/div>\n\n\n\n<div class=\"wp-block-column is-vertically-aligned-center has-global-padding is-layout-constrained wp-block-column-is-layout-constrained\" style=\"box-shadow:none\">\n<figure class=\"wp-block-image aligncenter size-full is-resized\"><img loading=\"lazy\" decoding=\"async\" width=\"613\" height=\"613\" src=\"https:\/\/avoxano.com\/cms\/wp-content\/uploads\/2025\/01\/Grafik-Feuerungstechnik.png\" alt=\"\" class=\"wp-image-1680\" style=\"object-fit:cover;width:150px;height:150px\" srcset=\"https:\/\/avoxano.com\/cms\/wp-content\/uploads\/2025\/01\/Grafik-Feuerungstechnik.png 613w, https:\/\/avoxano.com\/cms\/wp-content\/uploads\/2025\/01\/Grafik-Feuerungstechnik-300x300.png 300w, https:\/\/avoxano.com\/cms\/wp-content\/uploads\/2025\/01\/Grafik-Feuerungstechnik-150x150.png 150w\" sizes=\"auto, (max-width: 613px) 100vw, 613px\" \/><\/figure>\n\n\n\n<p class=\"has-text-align-center\" style=\"padding-top:0px;padding-bottom:0px\">Feuerungstechnik<\/p>\n<\/div>\n\n\n\n<div class=\"wp-block-column is-vertically-aligned-center is-layout-flow wp-block-column-is-layout-flow\">\n<figure class=\"wp-block-image aligncenter size-full is-resized\"><img loading=\"lazy\" decoding=\"async\" width=\"613\" height=\"613\" src=\"https:\/\/avoxano.com\/cms\/wp-content\/uploads\/2025\/01\/Grafik-Erneuerbare-Energien.png\" alt=\"\" class=\"wp-image-1679\" style=\"object-fit:cover;width:150px;height:150px\" srcset=\"https:\/\/avoxano.com\/cms\/wp-content\/uploads\/2025\/01\/Grafik-Erneuerbare-Energien.png 613w, https:\/\/avoxano.com\/cms\/wp-content\/uploads\/2025\/01\/Grafik-Erneuerbare-Energien-300x300.png 300w, https:\/\/avoxano.com\/cms\/wp-content\/uploads\/2025\/01\/Grafik-Erneuerbare-Energien-150x150.png 150w\" sizes=\"auto, (max-width: 613px) 100vw, 613px\" \/><\/figure>\n\n\n\n<p class=\"has-text-align-center\" style=\"padding-top:0px;padding-bottom:0px\">Erneuerbare Energien<\/p>\n<\/div>\n<\/div>\n<\/div>\n\n\n\n<div style=\"height:50px;width:0px\" aria-hidden=\"true\" class=\"wp-block-spacer\"><\/div>\n\n\n\n<p><\/p>\n","protected":false},"excerpt":{"rendered":"<p>Entdecke die Zukunft mit AVOXANODeinem Experten f\u00fcr technologische Exzellenz Die digitale Transformation ver\u00e4ndert die Industrie in rasantem Tempo. Automatisierung und die Integration von IT &amp; OT sind dabei entscheidende Treiber f\u00fcr mehr Effizienz, Flexibilit\u00e4t und Innovation in der Produktion. Doch mit der zunehmenden Vernetzung und der immer engeren Verzahnung von Operational Technology (OT), die f\u00fcr [&hellip;]<\/p>\n","protected":false},"author":1,"featured_media":0,"parent":0,"menu_order":0,"comment_status":"closed","ping_status":"closed","template":"page-no-title","meta":{"footnotes":""},"class_list":["post-329","page","type-page","status-publish","hentry"],"_links":{"self":[{"href":"https:\/\/avoxano.com\/cms\/wp-json\/wp\/v2\/pages\/329","targetHints":{"allow":["GET"]}}],"collection":[{"href":"https:\/\/avoxano.com\/cms\/wp-json\/wp\/v2\/pages"}],"about":[{"href":"https:\/\/avoxano.com\/cms\/wp-json\/wp\/v2\/types\/page"}],"author":[{"embeddable":true,"href":"https:\/\/avoxano.com\/cms\/wp-json\/wp\/v2\/users\/1"}],"replies":[{"embeddable":true,"href":"https:\/\/avoxano.com\/cms\/wp-json\/wp\/v2\/comments?post=329"}],"version-history":[{"count":221,"href":"https:\/\/avoxano.com\/cms\/wp-json\/wp\/v2\/pages\/329\/revisions"}],"predecessor-version":[{"id":1899,"href":"https:\/\/avoxano.com\/cms\/wp-json\/wp\/v2\/pages\/329\/revisions\/1899"}],"wp:attachment":[{"href":"https:\/\/avoxano.com\/cms\/wp-json\/wp\/v2\/media?parent=329"}],"curies":[{"name":"wp","href":"https:\/\/api.w.org\/{rel}","templated":true}]}}