{"id":693,"date":"2024-04-27T10:26:13","date_gmt":"2024-04-27T08:26:13","guid":{"rendered":"http:\/\/avoxano.com\/cms\/?page_id=693"},"modified":"2025-09-11T08:39:53","modified_gmt":"2025-09-11T06:39:53","slug":"karriere","status":"publish","type":"page","link":"https:\/\/avoxano.com\/cms\/karriere\/","title":{"rendered":"Karriere"},"content":{"rendered":"\n<div class=\"wp-block-cover alignfull\" style=\"min-height:300px;aspect-ratio:unset;\"><img loading=\"lazy\" decoding=\"async\" width=\"1231\" height=\"820\" class=\"wp-block-cover__image-background wp-image-1519\" alt=\"\" src=\"https:\/\/avoxano.com\/cms\/wp-content\/uploads\/2024\/08\/Themenbild_Jobs.png\" style=\"object-position:70% 60%\" data-object-fit=\"cover\" data-object-position=\"70% 60%\" srcset=\"https:\/\/avoxano.com\/cms\/wp-content\/uploads\/2024\/08\/Themenbild_Jobs.png 1231w, https:\/\/avoxano.com\/cms\/wp-content\/uploads\/2024\/08\/Themenbild_Jobs-300x200.png 300w, https:\/\/avoxano.com\/cms\/wp-content\/uploads\/2024\/08\/Themenbild_Jobs-1024x682.png 1024w, https:\/\/avoxano.com\/cms\/wp-content\/uploads\/2024\/08\/Themenbild_Jobs-768x512.png 768w\" sizes=\"auto, (max-width: 1231px) 100vw, 1231px\" \/><span aria-hidden=\"true\" class=\"wp-block-cover__background has-background-dim\" style=\"background-color:#5d5c5a\"><\/span><div class=\"wp-block-cover__inner-container has-global-padding is-layout-constrained wp-block-cover-is-layout-constrained\">\n<p class=\"has-text-align-center has-base-2-color has-text-color has-link-color has-xx-large-font-size wp-elements-774a094f15f26bd7357e5ad60e54e74b\"><strong>Karriere<\/strong><\/p>\n<\/div><\/div>\n\n\n\n<div class=\"wp-block-group alignfull has-global-padding is-layout-constrained wp-block-group-is-layout-constrained\">\n<div class=\"wp-block-group alignwide is-vertical is-layout-flex wp-container-core-group-is-layout-fe9cc265 wp-block-group-is-layout-flex\">\n<p><strong>DU <\/strong>denkst, <strong>DU <\/strong>bist zu <strong>ALT <\/strong>oder zu <strong>JUNG<\/strong>, zu <strong>M\u00c4NNLICH<\/strong>, zu <strong>WEIBLICH<\/strong> oder zu <strong>DIVERS<\/strong>, zu <strong>NEUGIERIG <\/strong>oder zu <strong>LANGWEILIG<\/strong>, zu <strong>SPORTLICH <\/strong>oder zu <strong>UNSPORTLICH<\/strong>, zu <strong>EINFALLSREICH <\/strong>oder <strong>IDEENLOS<\/strong>, sollen wir jetzt echt weitermachen?<br><br><strong>DU <\/strong>bist bei uns genau richtig! Und wei\u00dft <strong>DU <\/strong>auch warum?<br><br><strong>Diversit\u00e4t <\/strong>ist genau das, was uns als Team ausmacht. Nichts ist wichtiger, als \u00fcber einen breiten Blickwinkel zu verf\u00fcgen. Durch die Identifikation mit dem Team haben wir eine <strong>gemeinsame Identit\u00e4t <\/strong>erschaffen, die Ihre eigene DNA mit sich bringt.<br><br>Unsere <strong>AVOXANO-DNA<\/strong>! Denn alleine ist man nichts, aber zusammen kann man alles bewirken, das zeigt unsere <strong>Zusammengeh\u00f6rigkeit<\/strong>.<br><br>Wir als Team, zu dem auch <strong>DU <\/strong>geh\u00f6ren kannst, gehen keine Kompromisse ein, wenn es um unsere <strong>Qualit\u00e4t <\/strong>geht, denn f\u00fcr diese stehen wir!<br><br>Wenn auch <strong>DU DICH <\/strong>zu unserer <strong>Dynamik <\/strong>hingezogen f\u00fchlst, und den unstillbaren Ehrgeiz an <strong>Innovation <\/strong>in <strong>DIR <\/strong>hast, wie wir, dann hau genau jetzt in die Tasten. Wir sind gespannt und freuen uns auf <strong>DICH<\/strong>.<br><\/p>\n\n\n\n<figure class=\"wp-block-image size-large is-resized has-custom-border is-style-default\"><img loading=\"lazy\" decoding=\"async\" width=\"1024\" height=\"576\" src=\"https:\/\/avoxano.com\/cms\/wp-content\/uploads\/2024\/10\/Jobs_Benefits-1024x576.png\" alt=\"\" class=\"wp-image-1611\" style=\"border-radius:10px;box-shadow:var(--wp--preset--shadow--natural);width:1280px\" srcset=\"https:\/\/avoxano.com\/cms\/wp-content\/uploads\/2024\/10\/Jobs_Benefits-1024x576.png 1024w, https:\/\/avoxano.com\/cms\/wp-content\/uploads\/2024\/10\/Jobs_Benefits-300x169.png 300w, https:\/\/avoxano.com\/cms\/wp-content\/uploads\/2024\/10\/Jobs_Benefits-768x432.png 768w, https:\/\/avoxano.com\/cms\/wp-content\/uploads\/2024\/10\/Jobs_Benefits-1536x864.png 1536w, https:\/\/avoxano.com\/cms\/wp-content\/uploads\/2024\/10\/Jobs_Benefits-2048x1152.png 2048w\" sizes=\"auto, (max-width: 1024px) 100vw, 1024px\" \/><\/figure>\n\n\n\n<p class=\"has-text-align-left\"><br>Solltest <strong>DU<\/strong> keine passende Stelle finden, oder <strong>DIR <\/strong>ist es zu kompliziert zu suchen, dann schreib uns doch einfach eine E-Mail an pa(@)avoxano.com. <br><\/p>\n<\/div>\n<\/div>\n\n\n\n<div class=\"wp-block-group alignfull has-global-padding is-layout-constrained wp-block-group-is-layout-constrained\">\n<div class=\"wp-block-group alignwide is-vertical is-content-justification-center is-nowrap is-layout-flex wp-container-core-group-is-layout-2f0bb72e wp-block-group-is-layout-flex\">\n<figure class=\"wp-block-image size-large is-resized has-custom-border is-style-rounded is-style-rounded--2\"><a href=\"https:\/\/avoxano.com\/cms\/wp-content\/uploads\/2024\/08\/Jobs_Automatisierung.pdf\"><img loading=\"lazy\" decoding=\"async\" width=\"1024\" height=\"366\" src=\"https:\/\/avoxano.com\/cms\/wp-content\/uploads\/2024\/08\/Jobs_Automatisierung-1024x366.png\" alt=\"\" class=\"wp-image-1501\" style=\"border-radius:10px;width:1280px\" srcset=\"https:\/\/avoxano.com\/cms\/wp-content\/uploads\/2024\/08\/Jobs_Automatisierung-1024x366.png 1024w, https:\/\/avoxano.com\/cms\/wp-content\/uploads\/2024\/08\/Jobs_Automatisierung-300x107.png 300w, https:\/\/avoxano.com\/cms\/wp-content\/uploads\/2024\/08\/Jobs_Automatisierung-768x274.png 768w, https:\/\/avoxano.com\/cms\/wp-content\/uploads\/2024\/08\/Jobs_Automatisierung-1536x549.png 1536w, https:\/\/avoxano.com\/cms\/wp-content\/uploads\/2024\/08\/Jobs_Automatisierung-2048x731.png 2048w\" sizes=\"auto, (max-width: 1024px) 100vw, 1024px\" \/><\/a><\/figure>\n\n\n\n<figure class=\"wp-block-image size-large is-resized has-custom-border is-style-rounded is-style-rounded--3\"><a href=\"https:\/\/avoxano.com\/cms\/wp-content\/uploads\/2024\/08\/Jobs_ITOT.pdf\"><img loading=\"lazy\" decoding=\"async\" width=\"1024\" height=\"366\" src=\"https:\/\/avoxano.com\/cms\/wp-content\/uploads\/2024\/08\/Jobs_ITOT-1024x366.png\" alt=\"\" class=\"wp-image-1504\" style=\"border-radius:10px;width:1280px\" srcset=\"https:\/\/avoxano.com\/cms\/wp-content\/uploads\/2024\/08\/Jobs_ITOT-1024x366.png 1024w, https:\/\/avoxano.com\/cms\/wp-content\/uploads\/2024\/08\/Jobs_ITOT-300x107.png 300w, https:\/\/avoxano.com\/cms\/wp-content\/uploads\/2024\/08\/Jobs_ITOT-768x274.png 768w, https:\/\/avoxano.com\/cms\/wp-content\/uploads\/2024\/08\/Jobs_ITOT-1536x549.png 1536w, https:\/\/avoxano.com\/cms\/wp-content\/uploads\/2024\/08\/Jobs_ITOT-2048x731.png 2048w\" sizes=\"auto, (max-width: 1024px) 100vw, 1024px\" \/><\/a><\/figure>\n\n\n\n<figure class=\"wp-block-image size-large is-resized has-custom-border is-style-rounded is-style-rounded--4\"><a href=\"https:\/\/avoxano.com\/cms\/wp-content\/uploads\/2024\/08\/Jobs_Planung.pdf\"><img loading=\"lazy\" decoding=\"async\" width=\"1024\" height=\"366\" src=\"https:\/\/avoxano.com\/cms\/wp-content\/uploads\/2024\/08\/Jobs_Planung-1024x366.png\" alt=\"\" class=\"wp-image-1508\" style=\"border-radius:10px;width:1280px\" srcset=\"https:\/\/avoxano.com\/cms\/wp-content\/uploads\/2024\/08\/Jobs_Planung-1024x366.png 1024w, https:\/\/avoxano.com\/cms\/wp-content\/uploads\/2024\/08\/Jobs_Planung-300x107.png 300w, https:\/\/avoxano.com\/cms\/wp-content\/uploads\/2024\/08\/Jobs_Planung-768x274.png 768w, https:\/\/avoxano.com\/cms\/wp-content\/uploads\/2024\/08\/Jobs_Planung-1536x549.png 1536w, https:\/\/avoxano.com\/cms\/wp-content\/uploads\/2024\/08\/Jobs_Planung-2048x731.png 2048w\" sizes=\"auto, (max-width: 1024px) 100vw, 1024px\" \/><\/a><\/figure>\n\n\n\n<figure class=\"wp-block-image size-large is-resized has-custom-border is-style-rounded is-style-rounded--5\"><a href=\"https:\/\/avoxano.com\/cms\/wp-content\/uploads\/2024\/08\/Jobs_Personalabteilung.pdf\"><img loading=\"lazy\" decoding=\"async\" width=\"1024\" height=\"366\" src=\"https:\/\/avoxano.com\/cms\/wp-content\/uploads\/2024\/08\/Jobs_Personalabteilung-1024x366.png\" alt=\"\" class=\"wp-image-1506\" style=\"border-radius:10px;width:1280px\" srcset=\"https:\/\/avoxano.com\/cms\/wp-content\/uploads\/2024\/08\/Jobs_Personalabteilung-1024x366.png 1024w, https:\/\/avoxano.com\/cms\/wp-content\/uploads\/2024\/08\/Jobs_Personalabteilung-300x107.png 300w, https:\/\/avoxano.com\/cms\/wp-content\/uploads\/2024\/08\/Jobs_Personalabteilung-768x274.png 768w, https:\/\/avoxano.com\/cms\/wp-content\/uploads\/2024\/08\/Jobs_Personalabteilung-1536x549.png 1536w, https:\/\/avoxano.com\/cms\/wp-content\/uploads\/2024\/08\/Jobs_Personalabteilung-2048x731.png 2048w\" sizes=\"auto, (max-width: 1024px) 100vw, 1024px\" \/><\/a><\/figure>\n<\/div>\n<\/div>\n","protected":false},"excerpt":{"rendered":"<p>DU denkst, DU bist zu ALT oder zu JUNG, zu M\u00c4NNLICH, zu WEIBLICH oder zu DIVERS, zu NEUGIERIG oder zu LANGWEILIG, zu SPORTLICH oder zu UNSPORTLICH, zu EINFALLSREICH oder IDEENLOS, sollen wir jetzt echt weitermachen? DU bist bei uns genau richtig! Und wei\u00dft DU auch warum? Diversit\u00e4t ist genau das, was uns als Team ausmacht. [&hellip;]<\/p>\n","protected":false},"author":1,"featured_media":0,"parent":0,"menu_order":0,"comment_status":"closed","ping_status":"closed","template":"page-no-title","meta":{"footnotes":""},"class_list":["post-693","page","type-page","status-publish","hentry"],"_links":{"self":[{"href":"https:\/\/avoxano.com\/cms\/wp-json\/wp\/v2\/pages\/693","targetHints":{"allow":["GET"]}}],"collection":[{"href":"https:\/\/avoxano.com\/cms\/wp-json\/wp\/v2\/pages"}],"about":[{"href":"https:\/\/avoxano.com\/cms\/wp-json\/wp\/v2\/types\/page"}],"author":[{"embeddable":true,"href":"https:\/\/avoxano.com\/cms\/wp-json\/wp\/v2\/users\/1"}],"replies":[{"embeddable":true,"href":"https:\/\/avoxano.com\/cms\/wp-json\/wp\/v2\/comments?post=693"}],"version-history":[{"count":75,"href":"https:\/\/avoxano.com\/cms\/wp-json\/wp\/v2\/pages\/693\/revisions"}],"predecessor-version":[{"id":1888,"href":"https:\/\/avoxano.com\/cms\/wp-json\/wp\/v2\/pages\/693\/revisions\/1888"}],"wp:attachment":[{"href":"https:\/\/avoxano.com\/cms\/wp-json\/wp\/v2\/media?parent=693"}],"curies":[{"name":"wp","href":"https:\/\/api.w.org\/{rel}","templated":true}]}}