{"id":881,"date":"2024-05-25T11:33:39","date_gmt":"2024-05-25T09:33:39","guid":{"rendered":"http:\/\/avoxano.com\/cms\/?page_id=881"},"modified":"2025-03-29T21:41:13","modified_gmt":"2025-03-29T20:41:13","slug":"nachhaltigkeit","status":"publish","type":"page","link":"https:\/\/avoxano.com\/cms\/nachhaltigkeit\/","title":{"rendered":"Nachhaltigkeit"},"content":{"rendered":"\n<div class=\"wp-block-cover alignfull\" style=\"min-height:300px;aspect-ratio:unset;\"><span aria-hidden=\"true\" class=\"wp-block-cover__background has-background-dim\" style=\"background-color:#6f8868\"><\/span><img loading=\"lazy\" decoding=\"async\" width=\"1399\" height=\"513\" class=\"wp-block-cover__image-background wp-image-1534\" alt=\"\" src=\"https:\/\/avoxano.com\/cms\/wp-content\/uploads\/2024\/08\/Themenbild_Nachhaltigkeit.png\" style=\"object-position:81% 63%\" data-object-fit=\"cover\" data-object-position=\"81% 63%\" srcset=\"https:\/\/avoxano.com\/cms\/wp-content\/uploads\/2024\/08\/Themenbild_Nachhaltigkeit.png 1399w, https:\/\/avoxano.com\/cms\/wp-content\/uploads\/2024\/08\/Themenbild_Nachhaltigkeit-300x110.png 300w, https:\/\/avoxano.com\/cms\/wp-content\/uploads\/2024\/08\/Themenbild_Nachhaltigkeit-1024x375.png 1024w, https:\/\/avoxano.com\/cms\/wp-content\/uploads\/2024\/08\/Themenbild_Nachhaltigkeit-768x282.png 768w\" sizes=\"auto, (max-width: 1399px) 100vw, 1399px\" \/><div class=\"wp-block-cover__inner-container is-layout-flow wp-block-cover-is-layout-flow\">\n<p class=\"has-text-align-center has-xx-large-font-size\"><strong>Nachhaltigkeit<\/strong><\/p>\n<\/div><\/div>\n\n\n\n<div class=\"wp-block-group alignfull has-global-padding is-layout-constrained wp-block-group-is-layout-constrained\">\n<div class=\"wp-block-group alignwide is-vertical is-content-justification-center is-layout-flex wp-container-core-group-is-layout-ce155fab wp-block-group-is-layout-flex\">\n<p class=\"has-text-align-center has-large-font-size\">Die Welt ver\u00e4ndert sich durch Dein <strong>Vorbild<\/strong> und nicht durch Deine Meinung<br>&#8211; Paulo Coelho &#8211;<\/p>\n\n\n\n<p>Was bedeutet f\u00fcr Dich eigentlich Nachhaltigkeit? Wo f\u00e4ngt es an und wo h\u00f6rt es auf?<br><br>Nachhaltigkeit bedeutet nicht, dass EINE Person die ganze Welt retten muss! NEIN! Es bedeutet, dass wir ALLE mit unseren Ressourcen (\u00f6kologisch, \u00f6konomisch und sozial) so schonend umgehen, dass unsere Welt weiter existieren kann.<br><br>F\u00fcr uns beginnt Nachhaltigkeit mit dem richtigen Mindset und mit gutem Beispiel voranzugehen. JA, es ist die Pflicht eines jeden einzelnen nachhaltig zu handeln und zu denken! Ebenso endet sie, wenn man zu viele Ressourcen aufwenden muss um Ziele zu erreichen.<br><br>So k\u00f6nnten wir jetzt weiter im Text gehen und Euch mit s\u00e4mtlichen Fachbegriffen regelrecht \u00fcberfluten. Aber ist auch ZEIT nicht eine wichtige Ressource? Von daher kommen wir gleich auf den Punkt.<br><br>NICHT der Profit steht an erster Stelle! Unser Ziel ist es, den heutigen und zuk\u00fcnftigen Generationen eine hohe Lebensqualit\u00e4t zu erm\u00f6glichen, die verantwortungsbewusst und umweltfreundlich erwirtschaftet wird.<br><br><\/p>\n<\/div>\n<\/div>\n","protected":false},"excerpt":{"rendered":"<p>Die Welt ver\u00e4ndert sich durch Dein Vorbild und nicht durch Deine Meinung&#8211; Paulo Coelho &#8211; Was bedeutet f\u00fcr Dich eigentlich Nachhaltigkeit? Wo f\u00e4ngt es an und wo h\u00f6rt es auf? Nachhaltigkeit bedeutet nicht, dass EINE Person die ganze Welt retten muss! NEIN! Es bedeutet, dass wir ALLE mit unseren Ressourcen (\u00f6kologisch, \u00f6konomisch und sozial) so [&hellip;]<\/p>\n","protected":false},"author":1,"featured_media":0,"parent":0,"menu_order":0,"comment_status":"closed","ping_status":"closed","template":"page-no-title","meta":{"footnotes":""},"class_list":["post-881","page","type-page","status-publish","hentry"],"_links":{"self":[{"href":"https:\/\/avoxano.com\/cms\/wp-json\/wp\/v2\/pages\/881","targetHints":{"allow":["GET"]}}],"collection":[{"href":"https:\/\/avoxano.com\/cms\/wp-json\/wp\/v2\/pages"}],"about":[{"href":"https:\/\/avoxano.com\/cms\/wp-json\/wp\/v2\/types\/page"}],"author":[{"embeddable":true,"href":"https:\/\/avoxano.com\/cms\/wp-json\/wp\/v2\/users\/1"}],"replies":[{"embeddable":true,"href":"https:\/\/avoxano.com\/cms\/wp-json\/wp\/v2\/comments?post=881"}],"version-history":[{"count":35,"href":"https:\/\/avoxano.com\/cms\/wp-json\/wp\/v2\/pages\/881\/revisions"}],"predecessor-version":[{"id":1762,"href":"https:\/\/avoxano.com\/cms\/wp-json\/wp\/v2\/pages\/881\/revisions\/1762"}],"wp:attachment":[{"href":"https:\/\/avoxano.com\/cms\/wp-json\/wp\/v2\/media?parent=881"}],"curies":[{"name":"wp","href":"https:\/\/api.w.org\/{rel}","templated":true}]}}