{"id":91,"date":"2024-02-15T20:42:41","date_gmt":"2024-02-15T19:42:41","guid":{"rendered":"http:\/\/avoxano.com\/cmswp\/?page_id=91"},"modified":"2025-09-11T09:54:07","modified_gmt":"2025-09-11T07:54:07","slug":"it-ot","status":"publish","type":"page","link":"https:\/\/avoxano.com\/cms\/it-ot\/","title":{"rendered":"IT \/ OT"},"content":{"rendered":"\n<div class=\"wp-block-cover alignfull\" style=\"min-height:300px;aspect-ratio:unset;\"><img loading=\"lazy\" decoding=\"async\" width=\"1150\" height=\"735\" class=\"wp-block-cover__image-background wp-image-1644\" alt=\"\" src=\"https:\/\/avoxano.com\/cms\/wp-content\/uploads\/2024\/11\/Themenbild_ITOT.png\" style=\"object-position:53% 36%\" data-object-fit=\"cover\" data-object-position=\"53% 36%\" srcset=\"https:\/\/avoxano.com\/cms\/wp-content\/uploads\/2024\/11\/Themenbild_ITOT.png 1150w, https:\/\/avoxano.com\/cms\/wp-content\/uploads\/2024\/11\/Themenbild_ITOT-300x192.png 300w, https:\/\/avoxano.com\/cms\/wp-content\/uploads\/2024\/11\/Themenbild_ITOT-1024x654.png 1024w, https:\/\/avoxano.com\/cms\/wp-content\/uploads\/2024\/11\/Themenbild_ITOT-768x491.png 768w\" sizes=\"auto, (max-width: 1150px) 100vw, 1150px\" \/><span aria-hidden=\"true\" class=\"wp-block-cover__background has-background-dim\" style=\"background-color:#505052\"><\/span><div class=\"wp-block-cover__inner-container is-layout-flow wp-block-cover-is-layout-flow\">\n<p class=\"has-text-align-center has-base-2-color has-text-color has-link-color has-xx-large-font-size wp-elements-969f1aa6c91bb1ad42bc50e8a77096ea\" style=\"padding-right:0;padding-left:0\"><strong>IT \/ OT<\/strong><\/p>\n<\/div><\/div>\n\n\n\n<div class=\"wp-block-group alignfull has-global-padding is-layout-constrained wp-block-group-is-layout-constrained\">\n<div class=\"wp-block-group alignwide is-vertical is-layout-flex wp-container-core-group-is-layout-fe9cc265 wp-block-group-is-layout-flex\">\n<p><strong>AVOXANO <\/strong>ist Dein vertrauensw\u00fcrdiger Partner, wenn es darum geht, <strong>IT- und OT-L\u00f6sungen<\/strong> nahtlos zu integrieren, um Deine Produktionsprozesse auf das n\u00e4chste Level zu heben. Vertraue auf unsere langj\u00e4hrige Erfahrung und unser Engagement f\u00fcr h\u00f6chste Qualit\u00e4t, Zuverl\u00e4ssigkeit und vor allem Sicherheit.<br><br>Egal ob Du Dein <strong>Automatisierungssystem <\/strong>umr\u00fcsten m\u00f6chtest, verbesserte <strong>Sicherheits<\/strong>&#8211; und <strong>Backup-Strategien<\/strong> implementieren, Dein Benutzermanagement optimieren oder Deine Infrastruktur gegen <strong>Cyberangriffe <\/strong>sch\u00fctzen willst \u2013 wir haben die passenden L\u00f6sungen f\u00fcr Dich. Dabei ist es uns wichtig, nicht nur auf Standards zu setzen, sondern speziell auf Deine Bed\u00fcrfnisse zugeschnittene Konzepte zu erstellen.<br><br>Mit einem tiefen Verst\u00e4ndnis der spezifischen Herausforderungen und Chancen in der Industrie arbeiten wir eng mit unseren Kunden zusammen, um innovative und nachhaltige L\u00f6sungen zu entwickeln. Unser Team aus zertifizierten und erfahrenen Experten steht Dir in jeder Phase Deines Projekts zur Seite \u2013 von der Beratung und Planung \u00fcber die Implementierung bis hin zum langfristigen Support und der kontinuierlichen Optimierung. <strong>AVOXANO <\/strong>ist an Deiner Seite und sorgt daf\u00fcr, dass alles reibungslos l\u00e4uft.<\/p>\n\n\n\n<figure class=\"wp-block-image size-full is-resized has-custom-border\"><img loading=\"lazy\" decoding=\"async\" width=\"5000\" height=\"2812\" src=\"https:\/\/avoxano.com\/cms\/wp-content\/uploads\/2024\/10\/ITOT_Taetigkeiten.png\" alt=\"\" class=\"wp-image-1616\" style=\"border-radius:10px;box-shadow:var(--wp--preset--shadow--natural);width:1280px\" srcset=\"https:\/\/avoxano.com\/cms\/wp-content\/uploads\/2024\/10\/ITOT_Taetigkeiten.png 5000w, https:\/\/avoxano.com\/cms\/wp-content\/uploads\/2024\/10\/ITOT_Taetigkeiten-300x169.png 300w, https:\/\/avoxano.com\/cms\/wp-content\/uploads\/2024\/10\/ITOT_Taetigkeiten-1024x576.png 1024w, https:\/\/avoxano.com\/cms\/wp-content\/uploads\/2024\/10\/ITOT_Taetigkeiten-768x432.png 768w, https:\/\/avoxano.com\/cms\/wp-content\/uploads\/2024\/10\/ITOT_Taetigkeiten-1536x864.png 1536w, https:\/\/avoxano.com\/cms\/wp-content\/uploads\/2024\/10\/ITOT_Taetigkeiten-2048x1152.png 2048w\" sizes=\"auto, (max-width: 5000px) 100vw, 5000px\" \/><\/figure>\n<\/div>\n<\/div>\n\n\n\n<div style=\"height:20px\" aria-hidden=\"true\" class=\"wp-block-spacer\"><\/div>\n","protected":false},"excerpt":{"rendered":"<p>AVOXANO ist Dein vertrauensw\u00fcrdiger Partner, wenn es darum geht, IT- und OT-L\u00f6sungen nahtlos zu integrieren, um Deine Produktionsprozesse auf das n\u00e4chste Level zu heben. Vertraue auf unsere langj\u00e4hrige Erfahrung und unser Engagement f\u00fcr h\u00f6chste Qualit\u00e4t, Zuverl\u00e4ssigkeit und vor allem Sicherheit. Egal ob Du Dein Automatisierungssystem umr\u00fcsten m\u00f6chtest, verbesserte Sicherheits&#8211; und Backup-Strategien implementieren, Dein Benutzermanagement optimieren [&hellip;]<\/p>\n","protected":false},"author":1,"featured_media":0,"parent":0,"menu_order":0,"comment_status":"closed","ping_status":"closed","template":"page-no-title","meta":{"footnotes":""},"class_list":["post-91","page","type-page","status-publish","hentry"],"_links":{"self":[{"href":"https:\/\/avoxano.com\/cms\/wp-json\/wp\/v2\/pages\/91","targetHints":{"allow":["GET"]}}],"collection":[{"href":"https:\/\/avoxano.com\/cms\/wp-json\/wp\/v2\/pages"}],"about":[{"href":"https:\/\/avoxano.com\/cms\/wp-json\/wp\/v2\/types\/page"}],"author":[{"embeddable":true,"href":"https:\/\/avoxano.com\/cms\/wp-json\/wp\/v2\/users\/1"}],"replies":[{"embeddable":true,"href":"https:\/\/avoxano.com\/cms\/wp-json\/wp\/v2\/comments?post=91"}],"version-history":[{"count":38,"href":"https:\/\/avoxano.com\/cms\/wp-json\/wp\/v2\/pages\/91\/revisions"}],"predecessor-version":[{"id":1897,"href":"https:\/\/avoxano.com\/cms\/wp-json\/wp\/v2\/pages\/91\/revisions\/1897"}],"wp:attachment":[{"href":"https:\/\/avoxano.com\/cms\/wp-json\/wp\/v2\/media?parent=91"}],"curies":[{"name":"wp","href":"https:\/\/api.w.org\/{rel}","templated":true}]}}