{"id":95,"date":"2024-02-15T20:43:54","date_gmt":"2024-02-15T19:43:54","guid":{"rendered":"http:\/\/avoxano.com\/cmswp\/?page_id=95"},"modified":"2025-06-02T12:18:27","modified_gmt":"2025-06-02T10:18:27","slug":"elektrotechnik","status":"publish","type":"page","link":"https:\/\/avoxano.com\/cms\/elektrotechnik\/","title":{"rendered":"Elektrotechnik"},"content":{"rendered":"\n<div class=\"wp-block-cover alignfull is-light\" style=\"min-height:300px;aspect-ratio:unset;\"><img loading=\"lazy\" decoding=\"async\" width=\"1272\" height=\"773\" class=\"wp-block-cover__image-background wp-image-1516\" alt=\"\" src=\"https:\/\/avoxano.com\/cms\/wp-content\/uploads\/2024\/08\/Themenbild_Elektrotechnik.jpg\" data-object-fit=\"cover\" srcset=\"https:\/\/avoxano.com\/cms\/wp-content\/uploads\/2024\/08\/Themenbild_Elektrotechnik.jpg 1272w, https:\/\/avoxano.com\/cms\/wp-content\/uploads\/2024\/08\/Themenbild_Elektrotechnik-300x182.jpg 300w, https:\/\/avoxano.com\/cms\/wp-content\/uploads\/2024\/08\/Themenbild_Elektrotechnik-1024x622.jpg 1024w, https:\/\/avoxano.com\/cms\/wp-content\/uploads\/2024\/08\/Themenbild_Elektrotechnik-768x467.jpg 768w\" sizes=\"auto, (max-width: 1272px) 100vw, 1272px\" \/><span aria-hidden=\"true\" class=\"wp-block-cover__background has-background-dim\" style=\"background-color:#ccb66b\"><\/span><div class=\"wp-block-cover__inner-container is-layout-flow wp-block-cover-is-layout-flow\">\n<p class=\"has-text-align-center has-base-2-color has-text-color has-link-color has-xx-large-font-size wp-elements-dc85137b58bd5b4f3b37eb417c276b0a\"><strong>Elektrotechnik<\/strong><\/p>\n<\/div><\/div>\n\n\n\n<div class=\"wp-block-group alignfull has-global-padding is-layout-constrained wp-block-group-is-layout-constrained\">\n<div class=\"wp-block-group alignwide is-vertical is-layout-flex wp-container-core-group-is-layout-fe9cc265 wp-block-group-is-layout-flex\">\n<p>Suchst Du einen kompetenten Partner f\u00fcr Elektrotechnik-Dienstleistungen? Dann bist Du bei uns genau richtig. Wir bieten durchdachte und effektive L\u00f6sungen, die Dir dabei helfen, Deine Projekte sicher und erfolgreich umzusetzen. Unser Ziel ist es moderne Ans\u00e4tze anzubieten, die h\u00f6chsten Anforderungen gerecht werden.<br><br><strong>AVOXANO <\/strong>ist Dein Begleiter, der die Anforderungen Deiner Branche genau versteht. Wir kombinieren technologische Innovation mit einer praxisorientierten Umsetzung, sodass Du Dich auf das konzentrieren kannst, was z\u00e4hlt \u2013 den reibungslosen Betrieb Deiner Anlagen und Systeme.<br><br><strong>Photovoltaik &amp; Energiewende im Fokus<\/strong><br>Die Nachfrage nach regenerativen Energien w\u00e4chst rasant \u2013 insbesondere Photovoltaikanlagen spielen dabei eine zentrale Rolle. Gemeinsam mit unserem erfahrenen Partner unterst\u00fctzen wir Dich bei der Planung, Installation und dem Betrieb von PV-Gro\u00dfanlagen f\u00fcr Industrie und Gewerbe. Unser Ziel: nachhaltige Energiel\u00f6sungen, die wirtschaftlich und zukunftssicher sind.<br><br>Wir setzen auf leistungsstarke Komponenten, intelligente Systemintegration und eine pr\u00e4zise Umsetzung \u2013 damit Deine Investition langfristig Ertrag bringt und einen aktiven Beitrag zur Energiewende leistet.<br><br><strong>Beratung und Begleitung bei Gro\u00dfprojekten<\/strong><br>Wir bieten Dir umfassende Beratung und Begleitung bei Projekten mit einem klaren Fokus auf den EPCM-Ansatz (Engineering, Procurement, Construction Management). Unser erfahrenes Team unterst\u00fctzt Dich in allen Phasen des Projekts \u2013 von der ersten Idee \u00fcber die Planung bis zur Umsetzung und Inbetriebnahme.<br><br>Durch unsere Expertise im EPCM-Management stellen wir sicher, dass alle Aspekte Deines Projekts effizient koordiniert werden. Wir helfen Dir bei der Auswahl geeigneter Technologien, der Beschaffung von Materialien und der \u00dcberwachung der Bauausf\u00fchrung. Dabei integrieren wir alle erforderlichen Komponenten, von der Elektrotechnik \u00fcber die Automatisierungstechnik bis zur Mechanik.<br><br>Wir legen gro\u00dfen Wert auf Qualit\u00e4t, Effizienz und Sicherheit. Jede Anlage wird individuell auf Deine Bed\u00fcrfnisse abgestimmt und unterliegt strengen Qualit\u00e4tskontrollen. Mit unserem EPCM-Ansatz garantieren wir eine optimale Projektabwicklung, sodass Du Dich auf Dein Kerngesch\u00e4ft konzentrieren kannst.<br><br><strong>Planung und Konstruktion von elektrotechnischen und automatisierten Anlagen<\/strong><br>Wir unterst\u00fctzen Dich bei der Planung und Konstruktion von elektrotechnischen und automatisierten Anlagen, die exakt auf Deine Anforderungen zugeschnitten sind. Unser erfahrenes Team arbeitet eng mit Dir zusammen, um innovative L\u00f6sungen zu entwickeln, die sowohl effizient als auch nachhaltig sind.<br><br>Wir \u00fcbernehmen alle Phasen des Projekts \u2013 von der ersten Konzeptidee \u00fcber die detaillierte Planung bis hin zur Konstruktion. Dabei setzen wir modernste Technologien ein, um sicherzustellen, dass Deine Anlagen h\u00f6chste Leistungsstandards erf\u00fcllen.<br><br><strong>Schaltschrankbau<\/strong><br>Im Bereich Schaltschrankbau bieten wir Dir \u00fcber ein spezialisiertes Partnerunternehmen umfassende Dienstleistungen an, um Deine individuellen Anforderungen optimal umzusetzen. Die Planung und Fertigung der Schaltschr\u00e4nke erfolgt durch erfahrene Fachkr\u00e4fte unseres Subunternehmens, das h\u00f6chste Standards in Qualit\u00e4t und Funktionalit\u00e4t gew\u00e4hrleistet.<br><br>Besonderer Wert wird dabei auf eine sorgf\u00e4ltige Planung und pr\u00e4zise Ausf\u00fchrung gelegt. Jeder Schaltschrank wird nach Deinen spezifischen Vorgaben gefertigt, um eine reibungslose Integration in Deine Systeme sicherzustellen. Zum Einsatz kommen moderne Technologien und hochwertige Materialien \u2013 f\u00fcr langlebige, zuverl\u00e4ssige L\u00f6sungen.<br><br><strong>Installationsarbeiten &amp; Allgemeine Elektromontagen<\/strong><br>Bei Installationsarbeiten und allgemeinen Elektromontagen, die speziell auf die Anforderungen der Industrie und des Handwerks ausgerichtet sind, unterst\u00fctzen wir Dich gemeinsam mit einem erfahrenen Partnerunternehmen. Die Ausf\u00fchrung erfolgt durch qualifizierte Fachkr\u00e4fte unseres Subunternehmens, die f\u00fcr pr\u00e4zise und effiziente Arbeit stehen.<br><br>Ob Maschinenverkabelung, die Installation von Beleuchtungssystemen, die Umsetzung komplexer elektrischer Anlagen oder die Errichtung von PV-Gro\u00dfanlagen \u2013 gemeinsam mit unserem Partner gew\u00e4hrleisten wir h\u00f6chste Qualit\u00e4t und Zuverl\u00e4ssigkeit. Dabei setzen wir auf moderne Technologien und hochwertige Materialien, um Deine Projekte termingerecht und im vereinbarten Budgetrahmen umzusetzen.<\/p>\n\n\n\n<figure class=\"wp-block-image size-large is-resized has-custom-border\"><img loading=\"lazy\" decoding=\"async\" width=\"1024\" height=\"576\" src=\"https:\/\/avoxano.com\/cms\/wp-content\/uploads\/2024\/10\/Elektrotechnik_Taetigkeiten-1024x576.png\" alt=\"\" class=\"wp-image-1614\" style=\"border-radius:10px;box-shadow:var(--wp--preset--shadow--natural);width:1280px\" srcset=\"https:\/\/avoxano.com\/cms\/wp-content\/uploads\/2024\/10\/Elektrotechnik_Taetigkeiten-1024x576.png 1024w, https:\/\/avoxano.com\/cms\/wp-content\/uploads\/2024\/10\/Elektrotechnik_Taetigkeiten-300x169.png 300w, https:\/\/avoxano.com\/cms\/wp-content\/uploads\/2024\/10\/Elektrotechnik_Taetigkeiten-768x432.png 768w, https:\/\/avoxano.com\/cms\/wp-content\/uploads\/2024\/10\/Elektrotechnik_Taetigkeiten-1536x864.png 1536w, https:\/\/avoxano.com\/cms\/wp-content\/uploads\/2024\/10\/Elektrotechnik_Taetigkeiten-2048x1152.png 2048w\" sizes=\"auto, (max-width: 1024px) 100vw, 1024px\" \/><\/figure>\n<\/div>\n<\/div>\n\n\n\n<div style=\"height:20px\" aria-hidden=\"true\" class=\"wp-block-spacer\"><\/div>\n","protected":false},"excerpt":{"rendered":"<p>Suchst Du einen kompetenten Partner f\u00fcr Elektrotechnik-Dienstleistungen? Dann bist Du bei uns genau richtig. Wir bieten durchdachte und effektive L\u00f6sungen, die Dir dabei helfen, Deine Projekte sicher und erfolgreich umzusetzen. Unser Ziel ist es moderne Ans\u00e4tze anzubieten, die h\u00f6chsten Anforderungen gerecht werden. AVOXANO ist Dein Begleiter, der die Anforderungen Deiner Branche genau versteht. Wir kombinieren [&hellip;]<\/p>\n","protected":false},"author":1,"featured_media":0,"parent":0,"menu_order":0,"comment_status":"closed","ping_status":"closed","template":"page-no-title","meta":{"footnotes":""},"class_list":["post-95","page","type-page","status-publish","hentry"],"_links":{"self":[{"href":"https:\/\/avoxano.com\/cms\/wp-json\/wp\/v2\/pages\/95","targetHints":{"allow":["GET"]}}],"collection":[{"href":"https:\/\/avoxano.com\/cms\/wp-json\/wp\/v2\/pages"}],"about":[{"href":"https:\/\/avoxano.com\/cms\/wp-json\/wp\/v2\/types\/page"}],"author":[{"embeddable":true,"href":"https:\/\/avoxano.com\/cms\/wp-json\/wp\/v2\/users\/1"}],"replies":[{"embeddable":true,"href":"https:\/\/avoxano.com\/cms\/wp-json\/wp\/v2\/comments?post=95"}],"version-history":[{"count":24,"href":"https:\/\/avoxano.com\/cms\/wp-json\/wp\/v2\/pages\/95\/revisions"}],"predecessor-version":[{"id":1782,"href":"https:\/\/avoxano.com\/cms\/wp-json\/wp\/v2\/pages\/95\/revisions\/1782"}],"wp:attachment":[{"href":"https:\/\/avoxano.com\/cms\/wp-json\/wp\/v2\/media?parent=95"}],"curies":[{"name":"wp","href":"https:\/\/api.w.org\/{rel}","templated":true}]}}